{"id":13263,"date":"2021-03-24T11:06:12","date_gmt":"2021-03-24T11:06:12","guid":{"rendered":"http:\/\/www.harbour2.cardiffcouncilwebteam.co.uk\/ynys-echni\/visiting\/"},"modified":"2026-04-20T13:27:38","modified_gmt":"2026-04-20T13:27:38","slug":"ymweld","status":"publish","type":"page","link":"https:\/\/www.cardiffharbour.com\/cy\/ynys-echni\/ymweld\/","title":{"rendered":"Ymweld"},"content":{"rendered":"<div class=\"wpb-content-wrapper\"><p>[vc_row][vc_column][vc_column_text]<\/p>\n<h2 class=\"rancho_font\">Ymweld<\/h2>\n<p>[\/vc_column_text][\/vc_column][\/vc_row][vc_row][vc_column width=&#8221;2\/3&#8243;][vc_column_text css=&#8221;&#8221;]Mae tripiau ar gael trwy gydol y flwyddyn i ymweld ag Ynys Echni, o dripiau dydd i arosiadau dros nos (gweler isod), neu cyfres o\u00a0<a href=\"https:\/\/www.cardiffharbour.com\/cy\/ynys-echni\/digwyddiadau-ynys-echni\/\" target=\"_blank\" rel=\"noopener\">gwyliau a gweithdai<\/a>.<\/p>\n<p>Mae tripiau cwch wedi\u2019u trefnu o flaen llaw i\u2019r ynys sy\u2019n mynd o Gaerdydd sawl gwaith y mis.\u00a0 Mae\u2019r tripiau yn caniat\u00e1u hyd at 3 awr ar yr ynys yn dibynnu ar amseroedd y llanw.<\/p>\n<p>Fel arall gallwch deilwra eich ymweliad eich hun os ydych yn mynd mewn gr\u0175p mawr neu os hoffech aros am ddiwrnod hirach neu dros nos.[\/vc_column_text][\/vc_column][vc_column width=&#8221;1\/3&#8243;][vc_single_image image=&#8221;13491&#8243; img_size=&#8221;medium&#8221; alignment=&#8221;center&#8221; style=&#8221;vc_box_circle_2&#8243;][\/vc_column][\/vc_row][vc_row][vc_column][vc_empty_space height=&#8221;40px&#8221;][\/vc_column][\/vc_row][vc_row disable_element=&#8221;yes&#8221; el_class=&#8221;fh_project&#8221;][vc_column][vc_row_inner][vc_column_inner][vc_column_text css=&#8221;&#8221;]<\/p>\n<h2 class=\"rancho_font\">Ynys Echni \u2013 Cerdded Drwy Amser<\/h2>\n<p>[\/vc_column_text][\/vc_column_inner][\/vc_row_inner][vc_row_inner][vc_column_inner width=&#8221;1\/4&#8243;][vc_single_image image=&#8221;18304&#8243; img_size=&#8221;full&#8221; alignment=&#8221;center&#8221; css=&#8221;&#8221;][\/vc_column_inner][vc_column_inner width=&#8221;3\/4&#8243;][vc_column_text css=&#8221;&#8221;]Ewch i\u00a0<a href=\"https:\/\/celf.ynysechni.com\/\" target=\"_blank\" rel=\"noopener\">celf.ynysechni.com<\/a>\u00a0lle cewch eich tywys ar fordaith synhwyraidd o amgylch amgylchfyd ynys elfennol ddiarffordd trwy sain ymgollol ddeuseiniol, ffilm, barddoniaeth a map 3D rhyngweithiol.<\/p>\n<p>Mae\u00a0<a href=\"https:\/\/celf.ynysechni.com\/\" target=\"_blank\" rel=\"noopener\">celf.ynysechni.com<\/a>\u00a0yn ddehongliad artist o Ynys Echni, a gomisiynwyd gan Gyngor Caerdydd fel rhan o\u2019r prosiect \u2018<strong>Ynys Echni \u2013 Cerdded Drwy Amser\u2019<\/strong>. Mae\u2019r prosiect wedi cael ei ariannu gan Gronfa Dreftadaeth y Loteri Genedlaethol ac mae\u2019n rhedeg o 2018 i 2025.[\/vc_column_text][\/vc_column_inner][\/vc_row_inner][\/vc_column][\/vc_row][vc_row][vc_column][vc_column_text]<\/p>\n<h2 class=\"rancho_font\">Ymweliadau dydd<\/h2>\n<p>[\/vc_column_text][vc_column_text]Mae ymweliad dydd byr ag Ynys Echni yn cynnig hyd at dair awr ar yr Ynys a chyfle unigryw i weld cadwraeth, bywyd gwyllt ac adeiladau hanesyddol Ynys Echni.[\/vc_column_text][vc_tta_accordion style=&#8221;flat&#8221; color=&#8221;peacoc&#8221; active_section=&#8221;0&#8243; no_fill=&#8221;true&#8221; collapsible_all=&#8221;true&#8221;][vc_tta_section title=&#8221;Sut i drefnu&#8221; tab_id=&#8221;booking&#8221;][vc_column_text]Gellir trefnu i hwylio i\u2019r Ynys am ddiwrnod gyda\u2019r gweithredwyr canlynol[\/vc_column_text][vc_row_inner][vc_column_inner width=&#8221;1\/3&#8243;][vc_column_text]<strong>Bay Island Voyages<\/strong><\/p>\n<p><a href=\"https:\/\/www.bayislandvoyages.co.uk\/\" target=\"_blank\" rel=\"noopener\">bayislandvoyages.co.uk<\/a><\/p>\n<p>07393 470476[\/vc_column_text][\/vc_column_inner][vc_column_inner width=&#8221;1\/3&#8243;][vc_column_text css=&#8221;&#8221;]<strong>Cardiff Cruises <\/strong><\/p>\n<p><a href=\"https:\/\/cardiffcruises.co.uk\/discover-flatholm-island\/\">cardiffcruises.co.uk\u00a0<\/a><\/p>\n<p>0845 489 6969[\/vc_column_text][\/vc_column_inner][vc_column_inner width=&#8221;1\/3&#8243;][\/vc_column_inner][\/vc_row_inner][\/vc_tta_section][vc_tta_section title=&#8221;Pricing&#8221; tab_id=&#8221;daypricing&#8221;][vc_column_text]Mae ffi glanio o \u00a35.00 i oedolion a \u00a32.50 i blant yn daladwy i\u2019r warden wrth gyrraedd yr ynys.<\/p>\n<p>Cysylltwch \u00e2\u2019r gweithredwyr cychod i holi am brisiau teithiau cwch.[\/vc_column_text][\/vc_tta_section][vc_tta_section title=&#8221;Pa bethau i ddod \u00e2 chi&#8221; tab_id=&#8221;1776162398081-657e5710-fcf6&#8243;][vc_column_text css=&#8221;&#8221;]I&#8217;ch helpu i fwynhau&#8217;ch amser ar Ynys Echni, dewch yn barod ar gyfer tywydd newidiol a chyfleusterau sylfaenol.<\/p>\n<p>Rydym yn argymell gwisgo dillad gwrth-dd\u0175r, esgidiau cadarn a haenau sy&#8217;n addas ar gyfer pob tywydd. Mae het haul ac eli haul yn cael eu hargymell yn gryf hefyd.<\/p>\n<p>Mae tafarn yr ynys ar agor yn ystod diwrnodau ymwelwyr ac mae&#8217;n gwerthu diodydd poeth a meddal, diodydd alcoholig, a dewis bach o fyrbrydau, gan gynnwys creision, fflapjacs a siocled. Rydym yn awgrymu i chi ddod \u00e2 phecyn cinio.[\/vc_column_text][\/vc_tta_section][\/vc_tta_accordion][\/vc_column][\/vc_row][vc_row][vc_column][vc_separator style=&#8221;shadow&#8221; css=&#8221;.vc_custom_1616584582259{margin-bottom: 30px !important;padding-top: 60px !important;}&#8221;][\/vc_column][\/vc_row][vc_row][vc_column][vc_column_text]<\/p>\n<h2 class=\"rancho_font\">Arosiadau dros nos \/ ymweliadau preswyl<\/h2>\n<p>[\/vc_column_text][vc_column_text css=&#8221;&#8221;]<\/p>\n<ul>\n<li>Mae llety ar ffurf ystafelloedd cysgu ar gael yn ffermdy, y gall hyd at 24 person gysgu ynddynt (ystafelloedd gyda 2, 10 a 12 gwely). Mae&#8217;n cynnwys cegin llawn offer, ardal fwyta, lolfa, ac ystafelloedd t\u0177 bach\/ymolchi a chawod, yn ogystal \u00e2 gardd Fictoraidd \u00e2 wal o\u2019i chwmpas, gyda barbeciw cerrig ar gyfer ymlacio yn yr awyr agored.<\/li>\n<li>Mae gwersylla ar gael ym mhadogau&#8217;r ffermdy (ni ddarperir pebyll), gyda mynediad i doiledau a chawodydd y ffermdy.<\/li>\n<li>Mae\u2019r bwthyn corn niwl rhestredig Gradd II wedi cael ei droi yn fwthyn hunan-arlwyo, yn cynnig ystafell \u00e2 gwely dwbl, ystafell \u00e2 dau wely sengl, lolfa gyda soffa wely dwbl, dwy ystafell t\u0177 bach a chawod, cegin yn cynnwys yr holl offer angenrheidiol, ac ystafell fwyta gyda bwrdd a chadair i chwech o bobl. Mae\u2019r bwthyn clyd hefyd yn cynnwys boeler biomas ar gyfer gwres, mynedfa yn y blaen a\u2019r cefn, a gardd breifat gyda barbeciw cerrig a golygfeydd ysbrydoledig. Wedi&#8217;i ddodrefnu mewn partneriaeth \u00e2 John Lewis Caerdydd, dyma\u2019r lle delfrydol i ddianc rhag bywyd bob dydd.<\/li>\n<li>YN DOD YN FUAN! Pedwar pod unigol gyda goleuadau solar, ac iwrt i hyd at chwech o bobl ym mhadogau\u2019r ffermdy.<\/li>\n<li>Darganfyddwch fwy am ein <a href=\"https:\/\/www.cardiffharbour.com\/cy\/ynys-echni\/digwyddiadau-ynys-echni\/\">gwyliau a gweithdai<\/a>.<\/li>\n<\/ul>\n<p>[\/vc_column_text][\/vc_column][\/vc_row][vc_row][vc_column][vc_tta_accordion style=&#8221;flat&#8221; color=&#8221;peacoc&#8221; active_section=&#8221;0&#8243; no_fill=&#8221;true&#8221; collapsible_all=&#8221;true&#8221;][vc_tta_section title=&#8221;Sut i drefnu&#8221; tab_id=&#8221;1724769585521-0881c2ea-39fb&#8221;][vc_column_text css=&#8221;&#8221;]<strong>The Flat Holm Booking Office,<\/strong><br \/>\nCardiff Harbour Authority,<br \/>\nQueen Alexandra House,<br \/>\nCargo Road,<br \/>\nCardiff Bay<br \/>\nCF10 4LY<\/p>\n<p class=\"c12\">Tel: 029 2087 7900<\/p>\n<p class=\"c12\">Email: <a href=\"mailto:flatholmproject@cardiff.gov.uk\">flatholmproject@cardiff.gov.uk<\/a><\/p>\n<p>[\/vc_column_text][\/vc_tta_section][vc_tta_section title=&#8221;Pricing&#8221; tab_id=&#8221;1724769585530-2c2d898d-bdac&#8221;][vc_column_text css=&#8221;&#8221;]<strong>Ymweliadau preswyl<\/strong><\/p>\n<p>Llety: oedolyn y noson &#8211; \u00a320.00 \/ plentyn y noson &#8211; \u00a316.00<\/p>\n<p>Ffi wersylla: oedolyn y noson &#8211; \u00a310.00 \/ plentyn y noson &#8211; \u00a38.00<\/p>\n<p>Bwthyn:<\/p>\n<p><strong>Cyn y Pasg ac o 1 Medi <\/strong><\/p>\n<p>Yn seiliedig ar hyd at 4 o bobl y noson &#8211; \u00a3100<\/p>\n<p>Hyd at 2 o bobl yn ychwanegol y noson &#8211; \u00a325 y person<\/p>\n<p><strong>Hanner tymor y Pasg tan 31 Awst (p<\/strong><strong>enwythnosau a gwyliau banc)<\/strong><\/p>\n<p>Yn seiliedig ar hyd at 4 o bobl y noson &#8211; \u00a3200<\/p>\n<p>Hyd at 2 o bobl yn ychwanegol y noson &#8211; \u00a350 y person<\/p>\n<p><strong>Hanner tymor y Pasg tan 31 Awst (canol wythnos)<\/strong><\/p>\n<p>Yn seiliedig ar hyd at 4 o bobl y noson &#8211; \u00a3150<\/p>\n<p>Hyd at 2 o bobl yn ychwanegol y noson &#8211; \u00a340 y person<\/p>\n<p>Iwrt: Lle cysgu i hyd at 4 person &#8211; \u00a3100<\/p>\n<p>Podiau unigol: Lle cysgu i 1 person &#8211; \u00a330<\/p>\n<p>[\/vc_column_text][\/vc_tta_section][\/vc_tta_accordion][\/vc_column][\/vc_row][vc_row][vc_column][vc_gallery type=&#8221;image_grid&#8221; images=&#8221;20624,20699,20628,20663,20650,20636,20648,20646,20644,20634,20626,20616,20614,20618,20622,20612&#8243; css=&#8221;&#8221;][\/vc_column][\/vc_row][vc_row][vc_column][vc_column_text css=&#8221;&#8221;]<\/p>\n<h2 class=\"rancho_font\">Gwybodaeth ychwanegol i ymwelwyr<\/h2>\n<p>[\/vc_column_text][vc_column_text css=&#8221;&#8221;]<\/p>\n<ul>\n<li>A wnaiff pob ymwelydd ddarllen y <a href=\"https:\/\/www.cardiffharbour.com\/cy\/ynys-echni\/cadwraeth\/\">wybodaeth bioddiogelwch<\/a> hanfodol, sy&#8217;n esbonio sut i gadw\u2019r Ynys yn ddiogel.<\/li>\n<li>Mae angen oedolion i oruchwylio grwpiau o blant.\u00a0 Mae nifer yr oedolion sydd eu hangen yn amrywio, gan ddibynnu ar ba fath o ymweliad ac oedran y plant. Cysylltwch \u00e2 ni am fanylion.<\/li>\n<li>Mae angen i grwpiau ddarparu eu bwyd eu hunain.<\/li>\n<li>Nid ydym yn cynnig consesiynau i bensiynwyr, myfyrwyr na phobl ddi-waith.<\/li>\n<li>Ni chaniateir c\u0175n ar yr Ynys.<\/li>\n<li>Ni chaniateir nofio oherwydd cerrynt cryf.<\/li>\n<li>Ni fydd taliadau yn cael eu had-dalu oni bai bod y Gweithredwr Cychod yn canslo&#8217;r daith oherwydd tywydd garw.<\/li>\n<\/ul>\n<p>[\/vc_column_text][vc_column_text css=&#8221;&#8221;]<\/p>\n<h2 class=\"rancho_font\">Teithiau addysgiadol<\/h2>\n<p>[\/vc_column_text][vc_column_text css=&#8221;&#8221;]Mae Ynys Echni yn cynnig popeth sydd ei angen arnoch i archwilio byd cyffrous addysg awyr agored. Ein nod yw cynnig Ynys Echni fel cyfleuster addysg amgylcheddol, tra&#8217;n dal i warchod yr Ynys fel gwarchodfa natur.<\/p>\n<p>P&#8217;un a ydych chi&#8217;n bwriadu gwneud ymweliad addysgiadol am ddiwrnod, neu fwy o amser, ein nod yw darparu ar gyfer eich anghenion.<\/p>\n<p>Mae ymweliadau dydd yn cynnwys taith gyffredinol o\u2019r Ynys, gan archwilio ei hanes a&#8217;i bywyd gwyllt.\u00a0 Neu, os ydych chi&#8217;n awyddus i gwblhau maes pwnc penodol, gallwn weithio gyda chi i ddarparu gweithgareddau byrrach sy&#8217;n seiliedig ar addysg. Gallwn hefyd ddatblygu amserlen o weithgareddau ar gyfer grwpiau sy&#8217;n aros ar yr ynys am ychydig nosweithiau.<\/p>\n<p>Mae croeso i grwpiau prifysgol gynnal eu rhaglen astudio eu hunain mewn ystod o feysydd, e.e. bioleg, astudiaethau morol, daeareg, celf.<\/p>\n<p>Cysylltwch \u00e2 ni ar 029 2087 7900 am fwy o wybodaeth neu i drafod eich gofynion addysgol.[\/vc_column_text][\/vc_column][\/vc_row]<\/p>\n<\/div>","protected":false},"excerpt":{"rendered":"[vc_row][vc_column][vc_column_text] Ymweld [\/vc_column_text][\/vc_column][\/vc_row][vc_row][vc_column width=&#8221;2\/3&#8243;][vc_column_text css=&#8221;&#8221;]Mae tripiau ar gael trwy gydol y flwyddyn i ymweld ag Ynys Echni, o dripiau dydd i arosiadau dros nos (gweler&#8230;","protected":false},"author":2,"featured_media":0,"parent":13249,"menu_order":0,"comment_status":"closed","ping_status":"closed","template":"page_flatholm.php","meta":{"_acf_changed":false,"footnotes":""},"class_list":["post-13263","page","type-page","status-publish","hentry"],"acf":[],"yoast_head":"<!-- This site is optimized with the Yoast SEO plugin v27.6 - https:\/\/yoast.com\/product\/yoast-seo-wordpress\/ -->\n<title>Ymweld - Cardiff Harbour Authority<\/title>\n<meta name=\"robots\" content=\"index, follow, max-snippet:-1, max-image-preview:large, max-video-preview:-1\" \/>\n<link rel=\"canonical\" href=\"https:\/\/www.cardiffharbour.com\/cy\/ynys-echni\/ymweld\/\" \/>\n<meta property=\"og:locale\" content=\"cy_GB\" \/>\n<meta property=\"og:type\" content=\"article\" \/>\n<meta property=\"og:title\" content=\"Ymweld - Cardiff Harbour Authority\" \/>\n<meta property=\"og:description\" content=\"[vc_row][vc_column][vc_column_text] Ymweld [\/vc_column_text][\/vc_column][\/vc_row][vc_row][vc_column width=&#8221;2\/3&#8243;][vc_column_text css=&#8221;&#8221;]Mae tripiau ar gael trwy gydol y flwyddyn i ymweld ag Ynys Echni, o dripiau dydd i arosiadau dros nos (gweler...\" \/>\n<meta property=\"og:url\" content=\"https:\/\/www.cardiffharbour.com\/cy\/ynys-echni\/ymweld\/\" \/>\n<meta property=\"og:site_name\" content=\"Cardiff Harbour Authority\" \/>\n<meta property=\"article:modified_time\" content=\"2026-04-20T13:27:38+00:00\" \/>\n<meta name=\"twitter:card\" content=\"summary_large_image\" \/>\n<meta name=\"twitter:label1\" content=\"Est. reading time\" \/>\n\t<meta name=\"twitter:data1\" content=\"9 minutes\" \/>\n<script type=\"application\/ld+json\" class=\"yoast-schema-graph\">{\"@context\":\"https:\\\/\\\/schema.org\",\"@graph\":[{\"@type\":\"WebPage\",\"@id\":\"https:\\\/\\\/www.cardiffharbour.com\\\/cy\\\/ynys-echni\\\/ymweld\\\/\",\"url\":\"https:\\\/\\\/www.cardiffharbour.com\\\/cy\\\/ynys-echni\\\/ymweld\\\/\",\"name\":\"Ymweld - Cardiff Harbour Authority\",\"isPartOf\":{\"@id\":\"https:\\\/\\\/www.cardiffharbour.com\\\/#website\"},\"datePublished\":\"2021-03-24T11:06:12+00:00\",\"dateModified\":\"2026-04-20T13:27:38+00:00\",\"breadcrumb\":{\"@id\":\"https:\\\/\\\/www.cardiffharbour.com\\\/cy\\\/ynys-echni\\\/ymweld\\\/#breadcrumb\"},\"inLanguage\":\"cy-GB\",\"potentialAction\":[{\"@type\":\"ReadAction\",\"target\":[\"https:\\\/\\\/www.cardiffharbour.com\\\/cy\\\/ynys-echni\\\/ymweld\\\/\"]}]},{\"@type\":\"BreadcrumbList\",\"@id\":\"https:\\\/\\\/www.cardiffharbour.com\\\/cy\\\/ynys-echni\\\/ymweld\\\/#breadcrumb\",\"itemListElement\":[{\"@type\":\"ListItem\",\"position\":1,\"name\":\"Home\",\"item\":\"https:\\\/\\\/www.cardiffharbour.com\\\/cy\\\/\"},{\"@type\":\"ListItem\",\"position\":2,\"name\":\"Ynys Echni\",\"item\":\"https:\\\/\\\/www.cardiffharbour.com\\\/cy\\\/ynys-echni\\\/\"},{\"@type\":\"ListItem\",\"position\":3,\"name\":\"Ymweld\"}]},{\"@type\":\"WebSite\",\"@id\":\"https:\\\/\\\/www.cardiffharbour.com\\\/#website\",\"url\":\"https:\\\/\\\/www.cardiffharbour.com\\\/\",\"name\":\"Cardiff Harbour Authority\",\"description\":\"Cardiff Harbour Authority manages and maintains Cardiff bay and the barrage.\",\"potentialAction\":[{\"@type\":\"SearchAction\",\"target\":{\"@type\":\"EntryPoint\",\"urlTemplate\":\"https:\\\/\\\/www.cardiffharbour.com\\\/?s={search_term_string}\"},\"query-input\":{\"@type\":\"PropertyValueSpecification\",\"valueRequired\":true,\"valueName\":\"search_term_string\"}}],\"inLanguage\":\"cy-GB\"}]}<\/script>\n<!-- \/ Yoast SEO plugin. -->","yoast_head_json":{"title":"Ymweld - Cardiff Harbour Authority","robots":{"index":"index","follow":"follow","max-snippet":"max-snippet:-1","max-image-preview":"max-image-preview:large","max-video-preview":"max-video-preview:-1"},"canonical":"https:\/\/www.cardiffharbour.com\/cy\/ynys-echni\/ymweld\/","og_locale":"cy_GB","og_type":"article","og_title":"Ymweld - Cardiff Harbour Authority","og_description":"[vc_row][vc_column][vc_column_text] Ymweld [\/vc_column_text][\/vc_column][\/vc_row][vc_row][vc_column width=&#8221;2\/3&#8243;][vc_column_text css=&#8221;&#8221;]Mae tripiau ar gael trwy gydol y flwyddyn i ymweld ag Ynys Echni, o dripiau dydd i arosiadau dros nos (gweler...","og_url":"https:\/\/www.cardiffharbour.com\/cy\/ynys-echni\/ymweld\/","og_site_name":"Cardiff Harbour Authority","article_modified_time":"2026-04-20T13:27:38+00:00","twitter_card":"summary_large_image","twitter_misc":{"Est. reading time":"9 minutes"},"schema":{"@context":"https:\/\/schema.org","@graph":[{"@type":"WebPage","@id":"https:\/\/www.cardiffharbour.com\/cy\/ynys-echni\/ymweld\/","url":"https:\/\/www.cardiffharbour.com\/cy\/ynys-echni\/ymweld\/","name":"Ymweld - Cardiff Harbour Authority","isPartOf":{"@id":"https:\/\/www.cardiffharbour.com\/#website"},"datePublished":"2021-03-24T11:06:12+00:00","dateModified":"2026-04-20T13:27:38+00:00","breadcrumb":{"@id":"https:\/\/www.cardiffharbour.com\/cy\/ynys-echni\/ymweld\/#breadcrumb"},"inLanguage":"cy-GB","potentialAction":[{"@type":"ReadAction","target":["https:\/\/www.cardiffharbour.com\/cy\/ynys-echni\/ymweld\/"]}]},{"@type":"BreadcrumbList","@id":"https:\/\/www.cardiffharbour.com\/cy\/ynys-echni\/ymweld\/#breadcrumb","itemListElement":[{"@type":"ListItem","position":1,"name":"Home","item":"https:\/\/www.cardiffharbour.com\/cy\/"},{"@type":"ListItem","position":2,"name":"Ynys Echni","item":"https:\/\/www.cardiffharbour.com\/cy\/ynys-echni\/"},{"@type":"ListItem","position":3,"name":"Ymweld"}]},{"@type":"WebSite","@id":"https:\/\/www.cardiffharbour.com\/#website","url":"https:\/\/www.cardiffharbour.com\/","name":"Cardiff Harbour Authority","description":"Cardiff Harbour Authority manages and maintains Cardiff bay and the barrage.","potentialAction":[{"@type":"SearchAction","target":{"@type":"EntryPoint","urlTemplate":"https:\/\/www.cardiffharbour.com\/?s={search_term_string}"},"query-input":{"@type":"PropertyValueSpecification","valueRequired":true,"valueName":"search_term_string"}}],"inLanguage":"cy-GB"}]}},"_links":{"self":[{"href":"https:\/\/www.cardiffharbour.com\/cy\/wp-json\/wp\/v2\/pages\/13263","targetHints":{"allow":["GET"]}}],"collection":[{"href":"https:\/\/www.cardiffharbour.com\/cy\/wp-json\/wp\/v2\/pages"}],"about":[{"href":"https:\/\/www.cardiffharbour.com\/cy\/wp-json\/wp\/v2\/types\/page"}],"author":[{"embeddable":true,"href":"https:\/\/www.cardiffharbour.com\/cy\/wp-json\/wp\/v2\/users\/2"}],"replies":[{"embeddable":true,"href":"https:\/\/www.cardiffharbour.com\/cy\/wp-json\/wp\/v2\/comments?post=13263"}],"version-history":[{"count":33,"href":"https:\/\/www.cardiffharbour.com\/cy\/wp-json\/wp\/v2\/pages\/13263\/revisions"}],"predecessor-version":[{"id":21972,"href":"https:\/\/www.cardiffharbour.com\/cy\/wp-json\/wp\/v2\/pages\/13263\/revisions\/21972"}],"up":[{"embeddable":true,"href":"https:\/\/www.cardiffharbour.com\/cy\/wp-json\/wp\/v2\/pages\/13249"}],"wp:attachment":[{"href":"https:\/\/www.cardiffharbour.com\/cy\/wp-json\/wp\/v2\/media?parent=13263"}],"curies":[{"name":"wp","href":"https:\/\/api.w.org\/{rel}","templated":true}]}}