{"id":13240,"date":"2021-11-18T15:51:04","date_gmt":"2021-11-18T15:51:04","guid":{"rendered":"http:\/\/www.harbour2.cardiffcouncilwebteam.co.uk\/groundwater-protection-scheme\/"},"modified":"2021-12-09T15:42:29","modified_gmt":"2021-12-09T15:42:29","slug":"cynllun-diogelu-dwr-daear","status":"publish","type":"page","link":"https:\/\/www.cardiffharbour.com\/cy\/cynllun-diogelu-dwr-daear\/","title":{"rendered":"Cynllun diogelu d\u0175r daear"},"content":{"rendered":"<div class=\"wpb-content-wrapper\"><p>[vc_row][vc_column][vc_column_text]<\/p>\n<h2>Cynllun diogelu d\u0175r daear<\/h2>\n<p>[\/vc_column_text][vc_column_text]Daeth y Cynllun Iawndal D\u0175r Daear i ben ym mis Tachwedd 2019, yn unol \u00e2 darpariaethau Atodlen 7 Deddf Morglawdd Bae Caerdydd, 1993.<\/p>\n<p>O ganlyniad, mae monitro d\u0175r daear yn ddyddiol yn ne Caerdydd wedi dod i ben i bob pwrpas mewn perthynas \u00e2&#8217;r gofyniad cyfreithiol hwn o dan y Ddeddf.<\/p>\n<p>Ar \u00f4l iddo ddod i ben, datgelodd y cynllun monitro 20 mlynedd newidiadau d\u0175r daear lefel dwfn mewn lefelau d\u0175r daear yn unig sydd heb effeithio ar eiddo na\u2019r seilwaith.[\/vc_column_text][\/vc_column][\/vc_row]<\/p>\n<\/div>","protected":false},"excerpt":{"rendered":"[vc_row][vc_column][vc_column_text] Cynllun diogelu d\u0175r daear [\/vc_column_text][vc_column_text]Daeth y Cynllun Iawndal D\u0175r Daear i ben ym mis Tachwedd 2019, yn unol \u00e2 darpariaethau Atodlen 7 Deddf Morglawdd&#8230;","protected":false},"author":2,"featured_media":13534,"parent":0,"menu_order":0,"comment_status":"closed","ping_status":"closed","template":"page_leftcol.php","meta":{"_acf_changed":false,"footnotes":""},"class_list":["post-13240","page","type-page","status-publish","has-post-thumbnail","hentry"],"acf":[],"yoast_head":"<!-- This site is optimized with the Yoast SEO plugin v27.3 - https:\/\/yoast.com\/product\/yoast-seo-wordpress\/ -->\n<title>Cynllun diogelu d\u0175r daear - Cardiff Harbour Authority<\/title>\n<meta name=\"robots\" content=\"index, follow, max-snippet:-1, max-image-preview:large, max-video-preview:-1\" \/>\n<link rel=\"canonical\" href=\"https:\/\/www.cardiffharbour.com\/groundwater-protection-scheme\/\" \/>\n<meta property=\"og:locale\" content=\"cy_GB\" \/>\n<meta property=\"og:type\" content=\"article\" \/>\n<meta property=\"og:title\" content=\"Cynllun diogelu d\u0175r daear - Cardiff Harbour Authority\" \/>\n<meta property=\"og:description\" content=\"[vc_row][vc_column][vc_column_text] Cynllun diogelu d\u0175r daear [\/vc_column_text][vc_column_text]Daeth y Cynllun Iawndal D\u0175r Daear i ben ym mis Tachwedd 2019, yn unol \u00e2 darpariaethau Atodlen 7 Deddf Morglawdd...\" \/>\n<meta property=\"og:url\" content=\"https:\/\/www.cardiffharbour.com\/groundwater-protection-scheme\/\" \/>\n<meta property=\"og:site_name\" content=\"Cardiff Harbour Authority\" \/>\n<meta property=\"article:modified_time\" content=\"2021-12-09T15:42:29+00:00\" \/>\n<meta property=\"og:image\" content=\"https:\/\/www.cardiffharbour.com\/wp-content\/uploads\/0912.jpg\" \/>\n\t<meta property=\"og:image:width\" content=\"1400\" \/>\n\t<meta property=\"og:image:height\" content=\"530\" \/>\n\t<meta property=\"og:image:type\" content=\"image\/jpeg\" \/>\n<meta name=\"twitter:card\" content=\"summary_large_image\" \/>\n<meta name=\"twitter:label1\" content=\"Est. reading time\" \/>\n\t<meta name=\"twitter:data1\" content=\"1 minute\" \/>\n<script type=\"application\/ld+json\" class=\"yoast-schema-graph\">{\"@context\":\"https:\\\/\\\/schema.org\",\"@graph\":[{\"@type\":\"WebPage\",\"@id\":\"https:\\\/\\\/www.cardiffharbour.com\\\/groundwater-protection-scheme\\\/\",\"url\":\"https:\\\/\\\/www.cardiffharbour.com\\\/groundwater-protection-scheme\\\/\",\"name\":\"Cynllun diogelu d\u0175r daear - Cardiff Harbour Authority\",\"isPartOf\":{\"@id\":\"https:\\\/\\\/www.cardiffharbour.com\\\/#website\"},\"primaryImageOfPage\":{\"@id\":\"https:\\\/\\\/www.cardiffharbour.com\\\/groundwater-protection-scheme\\\/#primaryimage\"},\"image\":{\"@id\":\"https:\\\/\\\/www.cardiffharbour.com\\\/groundwater-protection-scheme\\\/#primaryimage\"},\"thumbnailUrl\":\"https:\\\/\\\/www.cardiffharbour.com\\\/wp-content\\\/uploads\\\/0912.jpg\",\"datePublished\":\"2021-11-18T15:51:04+00:00\",\"dateModified\":\"2021-12-09T15:42:29+00:00\",\"breadcrumb\":{\"@id\":\"https:\\\/\\\/www.cardiffharbour.com\\\/groundwater-protection-scheme\\\/#breadcrumb\"},\"inLanguage\":\"cy-GB\",\"potentialAction\":[{\"@type\":\"ReadAction\",\"target\":[\"https:\\\/\\\/www.cardiffharbour.com\\\/groundwater-protection-scheme\\\/\"]}]},{\"@type\":\"ImageObject\",\"inLanguage\":\"cy-GB\",\"@id\":\"https:\\\/\\\/www.cardiffharbour.com\\\/groundwater-protection-scheme\\\/#primaryimage\",\"url\":\"https:\\\/\\\/www.cardiffharbour.com\\\/wp-content\\\/uploads\\\/0912.jpg\",\"contentUrl\":\"https:\\\/\\\/www.cardiffharbour.com\\\/wp-content\\\/uploads\\\/0912.jpg\",\"width\":1400,\"height\":530},{\"@type\":\"BreadcrumbList\",\"@id\":\"https:\\\/\\\/www.cardiffharbour.com\\\/groundwater-protection-scheme\\\/#breadcrumb\",\"itemListElement\":[{\"@type\":\"ListItem\",\"position\":1,\"name\":\"Home\",\"item\":\"https:\\\/\\\/www.cardiffharbour.com\\\/cy\\\/\"},{\"@type\":\"ListItem\",\"position\":2,\"name\":\"Cynllun diogelu d\u0175r daear\"}]},{\"@type\":\"WebSite\",\"@id\":\"https:\\\/\\\/www.cardiffharbour.com\\\/#website\",\"url\":\"https:\\\/\\\/www.cardiffharbour.com\\\/\",\"name\":\"Cardiff Harbour Authority\",\"description\":\"Cardiff Harbour Authority manages and maintains Cardiff bay and the barrage.\",\"potentialAction\":[{\"@type\":\"SearchAction\",\"target\":{\"@type\":\"EntryPoint\",\"urlTemplate\":\"https:\\\/\\\/www.cardiffharbour.com\\\/?s={search_term_string}\"},\"query-input\":{\"@type\":\"PropertyValueSpecification\",\"valueRequired\":true,\"valueName\":\"search_term_string\"}}],\"inLanguage\":\"cy-GB\"}]}<\/script>\n<!-- \/ Yoast SEO plugin. -->","yoast_head_json":{"title":"Cynllun diogelu d\u0175r daear - Cardiff Harbour Authority","robots":{"index":"index","follow":"follow","max-snippet":"max-snippet:-1","max-image-preview":"max-image-preview:large","max-video-preview":"max-video-preview:-1"},"canonical":"https:\/\/www.cardiffharbour.com\/groundwater-protection-scheme\/","og_locale":"cy_GB","og_type":"article","og_title":"Cynllun diogelu d\u0175r daear - Cardiff Harbour Authority","og_description":"[vc_row][vc_column][vc_column_text] Cynllun diogelu d\u0175r daear [\/vc_column_text][vc_column_text]Daeth y Cynllun Iawndal D\u0175r Daear i ben ym mis Tachwedd 2019, yn unol \u00e2 darpariaethau Atodlen 7 Deddf Morglawdd...","og_url":"https:\/\/www.cardiffharbour.com\/groundwater-protection-scheme\/","og_site_name":"Cardiff Harbour Authority","article_modified_time":"2021-12-09T15:42:29+00:00","og_image":[{"width":1400,"height":530,"url":"https:\/\/www.cardiffharbour.com\/wp-content\/uploads\/0912.jpg","type":"image\/jpeg"}],"twitter_card":"summary_large_image","twitter_misc":{"Est. reading time":"1 minute"},"schema":{"@context":"https:\/\/schema.org","@graph":[{"@type":"WebPage","@id":"https:\/\/www.cardiffharbour.com\/groundwater-protection-scheme\/","url":"https:\/\/www.cardiffharbour.com\/groundwater-protection-scheme\/","name":"Cynllun diogelu d\u0175r daear - Cardiff Harbour Authority","isPartOf":{"@id":"https:\/\/www.cardiffharbour.com\/#website"},"primaryImageOfPage":{"@id":"https:\/\/www.cardiffharbour.com\/groundwater-protection-scheme\/#primaryimage"},"image":{"@id":"https:\/\/www.cardiffharbour.com\/groundwater-protection-scheme\/#primaryimage"},"thumbnailUrl":"https:\/\/www.cardiffharbour.com\/wp-content\/uploads\/0912.jpg","datePublished":"2021-11-18T15:51:04+00:00","dateModified":"2021-12-09T15:42:29+00:00","breadcrumb":{"@id":"https:\/\/www.cardiffharbour.com\/groundwater-protection-scheme\/#breadcrumb"},"inLanguage":"cy-GB","potentialAction":[{"@type":"ReadAction","target":["https:\/\/www.cardiffharbour.com\/groundwater-protection-scheme\/"]}]},{"@type":"ImageObject","inLanguage":"cy-GB","@id":"https:\/\/www.cardiffharbour.com\/groundwater-protection-scheme\/#primaryimage","url":"https:\/\/www.cardiffharbour.com\/wp-content\/uploads\/0912.jpg","contentUrl":"https:\/\/www.cardiffharbour.com\/wp-content\/uploads\/0912.jpg","width":1400,"height":530},{"@type":"BreadcrumbList","@id":"https:\/\/www.cardiffharbour.com\/groundwater-protection-scheme\/#breadcrumb","itemListElement":[{"@type":"ListItem","position":1,"name":"Home","item":"https:\/\/www.cardiffharbour.com\/cy\/"},{"@type":"ListItem","position":2,"name":"Cynllun diogelu d\u0175r daear"}]},{"@type":"WebSite","@id":"https:\/\/www.cardiffharbour.com\/#website","url":"https:\/\/www.cardiffharbour.com\/","name":"Cardiff Harbour Authority","description":"Cardiff Harbour Authority manages and maintains Cardiff bay and the barrage.","potentialAction":[{"@type":"SearchAction","target":{"@type":"EntryPoint","urlTemplate":"https:\/\/www.cardiffharbour.com\/?s={search_term_string}"},"query-input":{"@type":"PropertyValueSpecification","valueRequired":true,"valueName":"search_term_string"}}],"inLanguage":"cy-GB"}]}},"_links":{"self":[{"href":"https:\/\/www.cardiffharbour.com\/cy\/wp-json\/wp\/v2\/pages\/13240","targetHints":{"allow":["GET"]}}],"collection":[{"href":"https:\/\/www.cardiffharbour.com\/cy\/wp-json\/wp\/v2\/pages"}],"about":[{"href":"https:\/\/www.cardiffharbour.com\/cy\/wp-json\/wp\/v2\/types\/page"}],"author":[{"embeddable":true,"href":"https:\/\/www.cardiffharbour.com\/cy\/wp-json\/wp\/v2\/users\/2"}],"replies":[{"embeddable":true,"href":"https:\/\/www.cardiffharbour.com\/cy\/wp-json\/wp\/v2\/comments?post=13240"}],"version-history":[{"count":2,"href":"https:\/\/www.cardiffharbour.com\/cy\/wp-json\/wp\/v2\/pages\/13240\/revisions"}],"predecessor-version":[{"id":13242,"href":"https:\/\/www.cardiffharbour.com\/cy\/wp-json\/wp\/v2\/pages\/13240\/revisions\/13242"}],"wp:featuredmedia":[{"embeddable":true,"href":"https:\/\/www.cardiffharbour.com\/cy\/wp-json\/wp\/v2\/media\/13534"}],"wp:attachment":[{"href":"https:\/\/www.cardiffharbour.com\/cy\/wp-json\/wp\/v2\/media?parent=13240"}],"curies":[{"name":"wp","href":"https:\/\/api.w.org\/{rel}","templated":true}]}}