{"id":13054,"date":"2021-03-23T12:52:10","date_gmt":"2021-03-23T12:52:10","guid":{"rendered":"http:\/\/www.harbour2.cardiffcouncilwebteam.co.uk\/contact-us\/"},"modified":"2022-01-20T11:13:34","modified_gmt":"2022-01-20T11:13:34","slug":"cysylltu-a-ni","status":"publish","type":"page","link":"https:\/\/www.cardiffharbour.com\/cy\/cysylltu-a-ni\/","title":{"rendered":"Cysylltu \u00e2 ni"},"content":{"rendered":"<div class=\"wpb-content-wrapper\"><p>[vc_row css=&#8221;.vc_custom_1616504339515{margin-bottom: 20px !important;}&#8221;][vc_column][vc_column_text]<\/p>\n<h2>Cysylltu \u00e2 ni<\/h2>\n<p>[\/vc_column_text][\/vc_column][\/vc_row][vc_row][vc_column width=&#8221;2\/3&#8243;][vc_row_inner][vc_column_inner][vc_column_text]Os hoffech drosglwyddo unrhyw sylwadau i ni neu os oes gennych unrhyw ymholiadau yngl\u0177n \u00e2&#8217;ch ymweliad \u00e2 safleoedd Awdurdod Harbwr Caerdydd, yna cwblhewch y ffurflen isod a byddwn yn cysylltu \u00e2 chi.<\/p>\n<p>Dangosir safleoedd AHC mewn coch ar <a href=\"http:\/\/www.harbour2.cardiffcouncilwebteam.co.uk\/wp-content\/uploads\/Map-FINAL-1.jpg%20\">ein map<\/a>.[\/vc_column_text][vc_column_text]\n<div class=\"wpcf7 no-js\" id=\"wpcf7-f13313-o1\" lang=\"en-US\" dir=\"ltr\" data-wpcf7-id=\"13313\">\n<div class=\"screen-reader-response\"><p role=\"status\" aria-live=\"polite\" aria-atomic=\"true\"><\/p> <ul><\/ul><\/div>\n<form action=\"\/cy\/wp-json\/wp\/v2\/pages\/13054#wpcf7-f13313-o1\" method=\"post\" class=\"wpcf7-form init\" aria-label=\"Contact form\" enctype=\"multipart\/form-data\" novalidate=\"novalidate\" data-status=\"init\">\n<fieldset class=\"hidden-fields-container\"><input type=\"hidden\" name=\"_wpcf7\" value=\"13313\" \/><input type=\"hidden\" name=\"_wpcf7_version\" value=\"6.1.5\" \/><input type=\"hidden\" name=\"_wpcf7_locale\" value=\"en_US\" \/><input type=\"hidden\" name=\"_wpcf7_unit_tag\" value=\"wpcf7-f13313-o1\" \/><input type=\"hidden\" name=\"_wpcf7_container_post\" value=\"0\" \/><input type=\"hidden\" name=\"_wpcf7_posted_data_hash\" value=\"\" \/><input type=\"hidden\" name=\"_wpcf7cf_hidden_group_fields\" value=\"[]\" \/><input type=\"hidden\" name=\"_wpcf7cf_hidden_groups\" value=\"[]\" \/><input type=\"hidden\" name=\"_wpcf7cf_visible_groups\" value=\"[]\" \/><input type=\"hidden\" name=\"_wpcf7cf_repeaters\" value=\"[]\" \/><input type=\"hidden\" name=\"_wpcf7cf_steps\" value=\"{}\" \/><input type=\"hidden\" name=\"_wpcf7cf_options\" value=\"{&quot;form_id&quot;:13313,&quot;conditions&quot;:[],&quot;settings&quot;:{&quot;animation&quot;:&quot;yes&quot;,&quot;animation_intime&quot;:200,&quot;animation_outtime&quot;:200,&quot;conditions_ui&quot;:&quot;normal&quot;,&quot;notice_dismissed&quot;:false,&quot;repeater_remove_button&quot;:&quot;bottom&quot;,&quot;notice_dismissed_rollback-cf7-5.8.7&quot;:true,&quot;notice_dismissed_rollback-cf7-5.9.2&quot;:true}}\" \/><input type=\"hidden\" name=\"_wpcf7dtx_version\" value=\"5.0.5\" \/><input type=\"hidden\" name=\"_wpcf7_recaptcha_response\" value=\"\" \/>\n<\/fieldset>\n<p><label> Eich enw *<br \/>\n<span class=\"wpcf7-form-control-wrap\" data-name=\"your-name\"><input size=\"40\" maxlength=\"400\" class=\"wpcf7-form-control wpcf7-text wpcf7-validates-as-required\" aria-required=\"true\" aria-invalid=\"false\" value=\"\" type=\"text\" name=\"your-name\" \/><\/span> <\/label>\n<\/p>\n<p><label> Eich cyfeiriad e-bost *<br \/>\n<span class=\"wpcf7-form-control-wrap\" data-name=\"your-email\"><input size=\"40\" maxlength=\"400\" class=\"wpcf7-form-control wpcf7-email wpcf7-validates-as-required wpcf7-text wpcf7-validates-as-email\" aria-required=\"true\" aria-invalid=\"false\" value=\"\" type=\"email\" name=\"your-email\" \/><\/span> <\/label>\n<\/p>\n<p><label> Your location<br \/>\n<span class=\"wpcf7-form-control-wrap\" data-name=\"location\"><input size=\"40\" maxlength=\"400\" class=\"wpcf7-form-control wpcf7-text\" aria-invalid=\"false\" value=\"\" type=\"text\" name=\"location\" \/><\/span> <\/label>\n<\/p>\n<p><label> Phone number<br \/>\n<span class=\"wpcf7-form-control-wrap\" data-name=\"tel-664\"><input size=\"40\" maxlength=\"400\" class=\"wpcf7-form-control wpcf7-tel wpcf7-text wpcf7-validates-as-tel\" aria-invalid=\"false\" value=\"\" type=\"tel\" name=\"tel-664\" \/><\/span> <\/label>\n<\/p>\n<p><label> Eich Neges *<br \/>\n<span class=\"wpcf7-form-control-wrap\" data-name=\"your-message\"><textarea cols=\"40\" rows=\"10\" maxlength=\"2000\" class=\"wpcf7-form-control wpcf7-textarea wpcf7-validates-as-required\" aria-required=\"true\" aria-invalid=\"false\" name=\"your-message\"><\/textarea><\/span> <\/label>\n<\/p>\n<p>To help us to look into your enquiry, please upload a photo (if applicable \u2013 for example, if you\u2019re reporting litter, graffiti or vandalism).\n<\/p>\n<p><label> Photo (if applicable)<br \/>\n<span class=\"wpcf7-form-control-wrap\" data-name=\"file-363\"><input size=\"40\" class=\"wpcf7-form-control wpcf7-file\" accept=\".png,.jpg,.jpeg\" aria-invalid=\"false\" type=\"file\" name=\"file-363\" \/><\/span> <\/label>\n<\/p>\n<p><input class=\"wpcf7-form-control wpcf7-submit has-spinner\" type=\"submit\" value=\"Anfon\" \/>\n<\/p><div class=\"wpcf7-response-output\" aria-hidden=\"true\"><\/div>\n<\/form>\n<\/div>\n[\/vc_column_text][\/vc_column_inner][\/vc_row_inner][\/vc_column][vc_column width=&#8221;1\/3&#8243;][vc_column_text el_id=&#8221;ha_contact&#8221;]<strong>Awdurdod Harbwr Caerdydd<\/strong><\/p>\n<p>T\u0177&#8217;r Frenhines Alexandra,<br \/>\nHeol y Cargo,<br \/>\nBae Caerdydd<br \/>\nCaerdydd<br \/>\nCF10 4LY<\/p>\n<p><i class=\"fas fa-mobile\"><\/i> \u00a0 029 2087 7900[\/vc_column_text][vc_column_text el_id=&#8221;bc_contact&#8221;]<strong>Rheoli\u2019r morglawdd<\/strong><\/p>\n<p>Porthffordd Penarth,<br \/>\nBae Caerdydd<br \/>\nCaerdydd<br \/>\nCF64 1TQ<\/p>\n<p><i class=\"fas fa-mobile\"><\/i> \u00a0 029 2070 0234<\/p>\n<p><a href=\"mailto:ystafellreolirmorglawdd@caerdydd.gov.uk\" target=\"_blank\" rel=\"noopener\">ystafellreolirmorglawdd@caerdydd.gov.uk<\/a><\/p>\n<p>VHF: Sianel 18[\/vc_column_text][vc_column_text]<\/p>\n<h2>Cysylltiadau Eraill<\/h2>\n<p>[\/vc_column_text][vc_tta_accordion style=&#8221;flat&#8221; shape=&#8221;square&#8221; color=&#8221;peacoc&#8221; c_icon=&#8221;&#8221; active_section=&#8221;0&#8243; no_fill=&#8221;true&#8221; collapsible_all=&#8221;true&#8221;][vc_tta_section title=&#8221;Rhoi gwybod am ddigwyddiadau amgylcheddol&#8221; tab_id=&#8221;1616505100556-2c312ffd-c643&#8243;][vc_column_text]Rhowch wybod am broblemau amgylcheddol drwy ffonio Cyfoeth Naturiol Cymru (24 awr) ar 03000 653 000.[\/vc_column_text][\/vc_tta_section][vc_tta_section title=&#8221;Ceisiadau ffilmio &#8211; Swyddfa Ffilm Caerdydd&#8221; tab_id=&#8221;1616504852019-f49b499c-78de&#8221;][vc_column_text]Gwnewch gais ar-lein yn <a href=\"http:\/\/www.cardifffilmoffice.co.uk\" target=\"_blank\" rel=\"noopener\">cardifffilmoffice.co.uk<\/a><\/p>\n<p>029 2078 8562<\/p>\n<p><a href=\"mailto:hello@cardifffilmoffice.co.uk\" target=\"_blank\" rel=\"noopener\">hello@cardifffilmoffice.co.uk<\/a>[\/vc_column_text][\/vc_tta_section][vc_tta_section title=&#8221;Ymholiadau gan y cyfryngau, nawdd a digwyddiadau cymunedol \/ elusennol&#8221; tab_id=&#8221;1616504852038-0d936177-cee6&#8243;][vc_column_text]<strong>Medina Bailey,<\/strong><br \/>\nSwyddog Cyfathrebu a Phrosiectau,<br \/>\nAwdurdod Harbwr Caerdydd<\/p>\n<p>029 223 30249<\/p>\n<p><a href=\"mailto:medina.bailey@cardiff.gov.uk\">medina.bailey@cardiff.gov.uk<\/a>[\/vc_column_text][\/vc_tta_section][vc_tta_section title=&#8221;Canolfan Gweithgareddau D\u0175r Bae Caerdydd&#8221; tab_id=&#8221;1616505194827-dcce6231-30f1&#8243;][vc_column_text]<strong>Canolfan Rwyfo Caerdydd,<br \/>\n<\/strong>Canolfan Hamdden Trem y M\u00f4r,<br \/>\nJim Driscoll Way,<br \/>\nBae Caerdydd<br \/>\nCaerdydd<br \/>\nCF11 7HB<\/p>\n<p>029 2035 3912<\/p>\n<p><strong>Canolfan Hwylio Caerdydd,<br \/>\n<\/strong>T\u0177&#8217;r Frenhines Alexandra,<br \/>\nHeol y Cargo,<br \/>\nBae Caerdydd<br \/>\nCaerdydd<br \/>\nCF10 4LY<\/p>\n<p>029 2087 7977<\/p>\n<p><a href=\"mailto:wateractivity@cardiff.gov.uk\" target=\"_blank\" rel=\"noopener\">wateractivity@cardiff.gov.uk<\/a><\/p>\n<p><a href=\"http:\/\/cbwac.com\/\" target=\"_blank\" rel=\"noopener\">cbwac.com<\/a>[\/vc_column_text][\/vc_tta_section][vc_tta_section title=&#8221;Ynys Echni&#8221; tab_id=&#8221;1616505279750-cc6f8e9c-5c01&#8243;][vc_column_text]T\u0177&#8217;r Frenhines Alexandra,<br \/>\nHeol y Cargo,<br \/>\nBae Caerdydd<br \/>\nCaerdydd<br \/>\nCF10 4LY<\/p>\n<p>029 2087 7912<\/p>\n<p><a href=\"mailto:flatholmproject@cardiff.gov.uk\" target=\"_blank\" rel=\"noopener\">flatholmproject@cardiff.gov.uk<\/a><\/p>\n<p><a href=\"http:\/\/flatholmisland.com\" target=\"_blank\" rel=\"noopener\">flatholmisland.com<\/a>[\/vc_column_text][\/vc_tta_section][\/vc_tta_accordion][\/vc_column][\/vc_row]<\/p>\n<\/div>","protected":false},"excerpt":{"rendered":"[vc_row css=&#8221;.vc_custom_1616504339515{margin-bottom: 20px !important;}&#8221;][vc_column][vc_column_text] Cysylltu \u00e2 ni [\/vc_column_text][\/vc_column][\/vc_row][vc_row][vc_column width=&#8221;2\/3&#8243;][vc_row_inner][vc_column_inner][vc_column_text]Os hoffech drosglwyddo unrhyw sylwadau i ni neu os oes gennych unrhyw ymholiadau yngl\u0177n \u00e2&#8217;ch ymweliad \u00e2&#8230;","protected":false},"author":2,"featured_media":13455,"parent":0,"menu_order":0,"comment_status":"closed","ping_status":"closed","template":"page_leftcol.php","meta":{"_acf_changed":false,"footnotes":""},"class_list":["post-13054","page","type-page","status-publish","has-post-thumbnail","hentry"],"acf":[],"yoast_head":"<!-- This site is optimized with the Yoast SEO plugin v27.6 - https:\/\/yoast.com\/product\/yoast-seo-wordpress\/ -->\n<title>Cysylltu \u00e2 ni - Cardiff Harbour Authority<\/title>\n<meta name=\"robots\" content=\"index, follow, max-snippet:-1, max-image-preview:large, max-video-preview:-1\" \/>\n<link rel=\"canonical\" href=\"https:\/\/www.cardiffharbour.com\/contact-us\/\" \/>\n<meta property=\"og:locale\" content=\"cy_GB\" \/>\n<meta property=\"og:type\" content=\"article\" \/>\n<meta property=\"og:title\" content=\"Cysylltu \u00e2 ni - Cardiff Harbour Authority\" \/>\n<meta property=\"og:description\" content=\"[vc_row css=&#8221;.vc_custom_1616504339515{margin-bottom: 20px !important;}&#8221;][vc_column][vc_column_text] Cysylltu \u00e2 ni [\/vc_column_text][\/vc_column][\/vc_row][vc_row][vc_column width=&#8221;2\/3&#8243;][vc_row_inner][vc_column_inner][vc_column_text]Os hoffech drosglwyddo unrhyw sylwadau i ni neu os oes gennych unrhyw ymholiadau yngl\u0177n \u00e2&#8217;ch ymweliad \u00e2...\" \/>\n<meta property=\"og:url\" content=\"https:\/\/www.cardiffharbour.com\/contact-us\/\" \/>\n<meta property=\"og:site_name\" content=\"Cardiff Harbour Authority\" \/>\n<meta property=\"article:modified_time\" content=\"2022-01-20T11:13:34+00:00\" \/>\n<meta property=\"og:image\" content=\"https:\/\/www.cardiffharbour.com\/wp-content\/uploads\/locks.jpg\" \/>\n\t<meta property=\"og:image:width\" content=\"1400\" \/>\n\t<meta property=\"og:image:height\" content=\"361\" \/>\n\t<meta property=\"og:image:type\" content=\"image\/jpeg\" \/>\n<meta name=\"twitter:card\" content=\"summary_large_image\" \/>\n<meta name=\"twitter:label1\" content=\"Est. reading time\" \/>\n\t<meta name=\"twitter:data1\" content=\"1 minute\" \/>\n<script type=\"application\/ld+json\" class=\"yoast-schema-graph\">{\"@context\":\"https:\\\/\\\/schema.org\",\"@graph\":[{\"@type\":\"WebPage\",\"@id\":\"https:\\\/\\\/www.cardiffharbour.com\\\/contact-us\\\/\",\"url\":\"https:\\\/\\\/www.cardiffharbour.com\\\/contact-us\\\/\",\"name\":\"Cysylltu \u00e2 ni - Cardiff Harbour Authority\",\"isPartOf\":{\"@id\":\"https:\\\/\\\/www.cardiffharbour.com\\\/#website\"},\"primaryImageOfPage\":{\"@id\":\"https:\\\/\\\/www.cardiffharbour.com\\\/contact-us\\\/#primaryimage\"},\"image\":{\"@id\":\"https:\\\/\\\/www.cardiffharbour.com\\\/contact-us\\\/#primaryimage\"},\"thumbnailUrl\":\"https:\\\/\\\/www.cardiffharbour.com\\\/wp-content\\\/uploads\\\/locks.jpg\",\"datePublished\":\"2021-03-23T12:52:10+00:00\",\"dateModified\":\"2022-01-20T11:13:34+00:00\",\"breadcrumb\":{\"@id\":\"https:\\\/\\\/www.cardiffharbour.com\\\/contact-us\\\/#breadcrumb\"},\"inLanguage\":\"cy-GB\",\"potentialAction\":[{\"@type\":\"ReadAction\",\"target\":[\"https:\\\/\\\/www.cardiffharbour.com\\\/contact-us\\\/\"]}]},{\"@type\":\"ImageObject\",\"inLanguage\":\"cy-GB\",\"@id\":\"https:\\\/\\\/www.cardiffharbour.com\\\/contact-us\\\/#primaryimage\",\"url\":\"https:\\\/\\\/www.cardiffharbour.com\\\/wp-content\\\/uploads\\\/locks.jpg\",\"contentUrl\":\"https:\\\/\\\/www.cardiffharbour.com\\\/wp-content\\\/uploads\\\/locks.jpg\",\"width\":1400,\"height\":361},{\"@type\":\"BreadcrumbList\",\"@id\":\"https:\\\/\\\/www.cardiffharbour.com\\\/contact-us\\\/#breadcrumb\",\"itemListElement\":[{\"@type\":\"ListItem\",\"position\":1,\"name\":\"Home\",\"item\":\"https:\\\/\\\/www.cardiffharbour.com\\\/cy\\\/\"},{\"@type\":\"ListItem\",\"position\":2,\"name\":\"Cysylltu \u00e2 ni\"}]},{\"@type\":\"WebSite\",\"@id\":\"https:\\\/\\\/www.cardiffharbour.com\\\/#website\",\"url\":\"https:\\\/\\\/www.cardiffharbour.com\\\/\",\"name\":\"Cardiff Harbour Authority\",\"description\":\"Cardiff Harbour Authority manages and maintains Cardiff bay and the barrage.\",\"potentialAction\":[{\"@type\":\"SearchAction\",\"target\":{\"@type\":\"EntryPoint\",\"urlTemplate\":\"https:\\\/\\\/www.cardiffharbour.com\\\/?s={search_term_string}\"},\"query-input\":{\"@type\":\"PropertyValueSpecification\",\"valueRequired\":true,\"valueName\":\"search_term_string\"}}],\"inLanguage\":\"cy-GB\"}]}<\/script>\n<!-- \/ Yoast SEO plugin. -->","yoast_head_json":{"title":"Cysylltu \u00e2 ni - Cardiff Harbour Authority","robots":{"index":"index","follow":"follow","max-snippet":"max-snippet:-1","max-image-preview":"max-image-preview:large","max-video-preview":"max-video-preview:-1"},"canonical":"https:\/\/www.cardiffharbour.com\/contact-us\/","og_locale":"cy_GB","og_type":"article","og_title":"Cysylltu \u00e2 ni - Cardiff Harbour Authority","og_description":"[vc_row css=&#8221;.vc_custom_1616504339515{margin-bottom: 20px !important;}&#8221;][vc_column][vc_column_text] Cysylltu \u00e2 ni [\/vc_column_text][\/vc_column][\/vc_row][vc_row][vc_column width=&#8221;2\/3&#8243;][vc_row_inner][vc_column_inner][vc_column_text]Os hoffech drosglwyddo unrhyw sylwadau i ni neu os oes gennych unrhyw ymholiadau yngl\u0177n \u00e2&#8217;ch ymweliad \u00e2...","og_url":"https:\/\/www.cardiffharbour.com\/contact-us\/","og_site_name":"Cardiff Harbour Authority","article_modified_time":"2022-01-20T11:13:34+00:00","og_image":[{"width":1400,"height":361,"url":"https:\/\/www.cardiffharbour.com\/wp-content\/uploads\/locks.jpg","type":"image\/jpeg"}],"twitter_card":"summary_large_image","twitter_misc":{"Est. reading time":"1 minute"},"schema":{"@context":"https:\/\/schema.org","@graph":[{"@type":"WebPage","@id":"https:\/\/www.cardiffharbour.com\/contact-us\/","url":"https:\/\/www.cardiffharbour.com\/contact-us\/","name":"Cysylltu \u00e2 ni - Cardiff Harbour Authority","isPartOf":{"@id":"https:\/\/www.cardiffharbour.com\/#website"},"primaryImageOfPage":{"@id":"https:\/\/www.cardiffharbour.com\/contact-us\/#primaryimage"},"image":{"@id":"https:\/\/www.cardiffharbour.com\/contact-us\/#primaryimage"},"thumbnailUrl":"https:\/\/www.cardiffharbour.com\/wp-content\/uploads\/locks.jpg","datePublished":"2021-03-23T12:52:10+00:00","dateModified":"2022-01-20T11:13:34+00:00","breadcrumb":{"@id":"https:\/\/www.cardiffharbour.com\/contact-us\/#breadcrumb"},"inLanguage":"cy-GB","potentialAction":[{"@type":"ReadAction","target":["https:\/\/www.cardiffharbour.com\/contact-us\/"]}]},{"@type":"ImageObject","inLanguage":"cy-GB","@id":"https:\/\/www.cardiffharbour.com\/contact-us\/#primaryimage","url":"https:\/\/www.cardiffharbour.com\/wp-content\/uploads\/locks.jpg","contentUrl":"https:\/\/www.cardiffharbour.com\/wp-content\/uploads\/locks.jpg","width":1400,"height":361},{"@type":"BreadcrumbList","@id":"https:\/\/www.cardiffharbour.com\/contact-us\/#breadcrumb","itemListElement":[{"@type":"ListItem","position":1,"name":"Home","item":"https:\/\/www.cardiffharbour.com\/cy\/"},{"@type":"ListItem","position":2,"name":"Cysylltu \u00e2 ni"}]},{"@type":"WebSite","@id":"https:\/\/www.cardiffharbour.com\/#website","url":"https:\/\/www.cardiffharbour.com\/","name":"Cardiff Harbour Authority","description":"Cardiff Harbour Authority manages and maintains Cardiff bay and the barrage.","potentialAction":[{"@type":"SearchAction","target":{"@type":"EntryPoint","urlTemplate":"https:\/\/www.cardiffharbour.com\/?s={search_term_string}"},"query-input":{"@type":"PropertyValueSpecification","valueRequired":true,"valueName":"search_term_string"}}],"inLanguage":"cy-GB"}]}},"_links":{"self":[{"href":"https:\/\/www.cardiffharbour.com\/cy\/wp-json\/wp\/v2\/pages\/13054","targetHints":{"allow":["GET"]}}],"collection":[{"href":"https:\/\/www.cardiffharbour.com\/cy\/wp-json\/wp\/v2\/pages"}],"about":[{"href":"https:\/\/www.cardiffharbour.com\/cy\/wp-json\/wp\/v2\/types\/page"}],"author":[{"embeddable":true,"href":"https:\/\/www.cardiffharbour.com\/cy\/wp-json\/wp\/v2\/users\/2"}],"replies":[{"embeddable":true,"href":"https:\/\/www.cardiffharbour.com\/cy\/wp-json\/wp\/v2\/comments?post=13054"}],"version-history":[{"count":2,"href":"https:\/\/www.cardiffharbour.com\/cy\/wp-json\/wp\/v2\/pages\/13054\/revisions"}],"predecessor-version":[{"id":13314,"href":"https:\/\/www.cardiffharbour.com\/cy\/wp-json\/wp\/v2\/pages\/13054\/revisions\/13314"}],"wp:featuredmedia":[{"embeddable":true,"href":"https:\/\/www.cardiffharbour.com\/cy\/wp-json\/wp\/v2\/media\/13455"}],"wp:attachment":[{"href":"https:\/\/www.cardiffharbour.com\/cy\/wp-json\/wp\/v2\/media?parent=13054"}],"curies":[{"name":"wp","href":"https:\/\/api.w.org\/{rel}","templated":true}]}}