{"id":13020,"date":"2021-02-12T15:32:19","date_gmt":"2021-02-12T15:32:19","guid":{"rendered":"http:\/\/www.harbour2.cardiffcouncilwebteam.co.uk\/navigating-cardiff-bay\/"},"modified":"2026-04-27T15:30:19","modified_gmt":"2026-04-27T15:30:19","slug":"llywio-bae-caerdydd","status":"publish","type":"page","link":"https:\/\/www.cardiffharbour.com\/cy\/llywio-bae-caerdydd\/","title":{"rendered":"Llywio Bae Caerdydd"},"content":{"rendered":"<div class=\"wpb-content-wrapper\"><p>[vc_row][vc_column][vc_column_text]<\/p>\n<h2>Llywio Bae Caerdydd<\/h2>\n<p>[\/vc_column_text][vc_column_text]Wrth i chi gyrraedd Bae Caerdydd, ar \u00f4l mynd drwy&#8217;r lociau, cewch eich hun mewn amgylchedd d\u0175r ffres nad yw&#8217;n llanwol sy&#8217;n cael ei ailgyflenwi gan afonydd Taf ac El\u00e1i.<\/p>\n<p>Y tirnodau a welwch yn syth yw Marina Cei Penarth i&#8217;r chwith ac Afon El\u00e1i o&#8217;ch blaen. Wrth i chi ddod mewn i&#8217;r Bae byddwch yn nodi Clwb Hwylio Bae Caerdydd ar y pentir ychydig i&#8217;r dde.[\/vc_column_text][vc_column_text css=&#8221;.vc_custom_1638267681185{margin-top: 60px !important;}&#8221;]<\/p>\n<h3>Terfyn cyflymder<\/h3>\n<h3><img decoding=\"async\" width=\"150\" height=\"142\" class=\"size-full wp-image-336 alignleft lazyload\" data-src=\"http:\/\/www.harbour2.cardiffcouncilwebteam.co.uk\/wp-content\/uploads\/5_nots.png\" alt=\"\" data-srcset=\"https:\/\/www.cardiffharbour.com\/wp-content\/uploads\/5_nots.png 150w, https:\/\/www.cardiffharbour.com\/wp-content\/uploads\/5_nots-120x114.png 120w\" data-sizes=\"(max-width: 150px) 100vw, 150px\" src=\"data:image\/svg+xml;base64,PHN2ZyB3aWR0aD0iMSIgaGVpZ2h0PSIxIiB4bWxucz0iaHR0cDovL3d3dy53My5vcmcvMjAwMC9zdmciPjwvc3ZnPg==\" style=\"--smush-placeholder-width: 150px; --smush-placeholder-aspect-ratio: 150\/142;\" \/><\/h3>\n<p>Y terfyn cyflymder ar gyfer harbwr mewnol Bae Caerdydd yw uchafswm o 5 not.<\/p>\n<p>Mae&#8217;r terfyn 5 not hefyd yn berthnasol i gychod sy&#8217;n defnyddio Afon Taf.<\/p>\n<p>Caniateir i gychod cludo teithwyr sy\u2019n drwyddedig gan Awdurdod yr Harbwr deithio ar uchafswm o 7 not ar Afon Taf. Y terfyn cyflymder ar gyfer pob cwch arall sy&#8217;n defnyddio Afon Taf yw 5 not.[\/vc_column_text][vc_column_text css=&#8221;.vc_custom_1638268246449{margin-top: 60px !important;padding-top: 15px !important;}&#8221;]<\/p>\n<h3><\/h3>\n<h3>Cyfyngiadau cyflymder dros dro<\/h3>\n<p>Nodwch, yn ystod digwyddiadau d\u0175r, gellir sefydlu cyfyngiadau cyflymder dros dro ledled y Bae.\u00a0 Hysbysir y rhain drwy <a href=\"http:\/\/www.harbour2.cardiffcouncilwebteam.co.uk\/local-notice-to-mariners\/\">Hysbysiadau lleol i forwyr<\/a> yn ogystal \u00e2 gan staff Awdurdod yr Harbwr sy&#8217;n rheoli&#8217;r digwyddiad.[\/vc_column_text][vc_tta_accordion style=&#8221;flat&#8221; shape=&#8221;square&#8221; color=&#8221;peacoc&#8221; active_section=&#8221;0&#8243; no_fill=&#8221;true&#8221; collapsible_all=&#8221;true&#8221;][vc_tta_section title=&#8221;View a map of speed limited areas in Cardiff Harbour&#8221; tab_id=&#8221;map&#8221;][vc_single_image image=&#8221;22018&#8243; img_size=&#8221;full&#8221; onclick=&#8221;img_link_large&#8221; img_link_target=&#8221;_blank&#8221; css=&#8221;&#8221;][\/vc_tta_section][\/vc_tta_accordion][\/vc_column][\/vc_row][vc_row][vc_column][vc_separator style=&#8221;shadow&#8221; css=&#8221;.vc_custom_1613145620233{margin-top: 60px !important;}&#8221;][vc_column_text]<\/p>\n<h2>Lefel a dyfnderoedd y Bae<\/h2>\n<p>[\/vc_column_text][vc_column_text css=&#8221;&#8221;]Mae lefelau\u2019r dwr yn y Bae (uchder wyneb y d\u0175r) mewn perthynas \u00e2 Datwm yr Ordnans a bydd yn cael ei nodi fel uchder uwchlaw\u2019r datwm hwnnw \u2013 (AOD). Gall y lefelau amrywio o 4.0m a 7.5m AOD Gellir cael gwybod y lefel unrhyw bryd gan yr adran Rheoli\u2019r Morglawdd. Mae dyfnder y d\u0175r yn y Bae yn cael ei gynnal mor agos \u00e2 phosibl at 4.5m AOD, gyda dyfnderoedd y Bae yn gyffredinol yn 2.5m neu fwy, ond, dylid cymryd gofal wrth fordwyo o fewn terfynau&#8217;r Harbwr.<\/p>\n<p>Mae mordwyo yn y Bae ei hun yn gymharol ddiffwdan. Ond dylai morwyr nodi, oherwydd y posibilrwydd o gerrynt cryf o flaen llifddorau\u2019r morglawdd, y dylai cychod gadw at ochr gywir Marc Ban y Gorllewin, hy ochr yr afon\/bae o\u2019r marc.<\/p>\n<p>Dylai morwyr hefyd wybod bod yr ardal yn syth islaw\u2019r llifddorau y tu allan i\u2019r Morglawdd yn ardal allgau oherwydd bod llif uchel yn creu perygl iechyd a diogelwch difrifol. Ni ddylai morwyr fynd i\u2019r ardal hon mewn unrhyw amgylchiadau.[\/vc_column_text][\/vc_column][\/vc_row][vc_row][vc_column][vc_separator style=&#8221;shadow&#8221; css=&#8221;.vc_custom_1613145620233{margin-top: 60px !important;}&#8221;][vc_column_text]<\/p>\n<h2>Afon El\u00e1i<\/h2>\n<p>[\/vc_column_text][vc_column_text]Mae terfyn cyflymder o 5 not ar gyfer Afon El\u00e1i.<\/p>\n<p>Byddwch yn ofalus wrth fynd o dan bontydd, a chadwch olwg am gychod padlo a llongau sy&#8217;n dod o ardaloedd angori.<\/p>\n<p>&nbsp;<\/p>\n<h3>Pontydd<\/h3>\n<p>[\/vc_column_text][\/vc_column][\/vc_row][vc_row][vc_column width=&#8221;2\/3&#8243;][vc_column_text]<\/p>\n<h4>Pont y Werin<\/h4>\n<p>Lleolir Pont y Werin tua hanner ffordd ar hyd angorfa Marina Caerdydd.<\/p>\n<p>Mae&#8217;r bont yn rhychwantu afon El\u00e1i, gan gysylltu Caerdydd a Bro Morgannwg ar gyfer cerddwyr a beicwyr. Mae\u2019r rhan ganol yn codi i gychod fynd heibio. Rheoli\u2019r Morglawdd sy\u2019n rheoli\u2019r bont, a gellir cysylltu \u00e2 nhw ar Sianel VHF 18.[\/vc_column_text][\/vc_column][vc_column width=&#8221;1\/3&#8243;][vc_single_image image=&#8221;13500&#8243; img_size=&#8221;medium&#8221; alignment=&#8221;center&#8221; style=&#8221;vc_box_circle_2&#8243; onclick=&#8221;link_image&#8221;][\/vc_column][\/vc_row][vc_row][vc_column][vc_tta_accordion style=&#8221;flat&#8221; shape=&#8221;square&#8221; color=&#8221;peacoc&#8221; active_section=&#8221;0&#8243; no_fill=&#8221;true&#8221; collapsible_all=&#8221;true&#8221;][vc_tta_section title=&#8221;Mordwyo a ganiateir&#8221; tab_id=&#8221;1616754860642-73f737fd-f3cd&#8221;][vc_column_text]<\/p>\n<ol>\n<li>Gall cychod fynd dan y bont pan mae hi&#8217;n isel os oes digon o le rhwng ei gwaelod a phen uchaf y cwch.<\/li>\n<li>Pan mae\u2019r tri golau coch wedi diffodd bob pen i\u2019r bont, gallwch deithio ymlaen. Meistr y cwch fydd bob tro yn penderfynu teithio ymlaen ai peidio. Mae byrddau uchdwr cychod ar ddwy ochr y bont (gydag ac yn groes i&#8217;r lli) er mwyn helpu&#8217;r morwyr benderfynu mynd oddi dani ai peidio.<\/li>\n<li>Mae golau oren dan y rhan sy&#8217;n codi yn y nos er mwyn cadarnhau ei bod ar gau.<\/li>\n<\/ol>\n<p>[\/vc_column_text][\/vc_tta_section][vc_tta_section title=&#8221;Mordwyo cyfyngedig&#8221; tab_id=&#8221;1616754860675-431f4ac9-11e6&#8243;][vc_column_text]<\/p>\n<ol>\n<li>Wrth baratoi agor neu gau&#8217;r bont, bydd y golau ar naill ochr i&#8217;r sianel (gydag ac yn groes i&#8217;r lli) yn goch cyson &#8211; yn dweud na ddylai cychod deithio ymlaen.<\/li>\n<li>Bydd y goleuadau hwylio&#8217;n fflachio\u2019n goch os oes angen ymateb brys (gwrandewch ar Sianel VHF 18).<\/li>\n<\/ol>\n<p>[\/vc_column_text][\/vc_tta_section][vc_tta_section title=&#8221;Gwneud cais am weithrediad y bont&#8221; tab_id=&#8221;1616754860710-656164cf-69a2&#8243;][vc_column_text]Mae lifft wedi&#8217;i amserlennu ar waith i helpu morwyr i gynllunio&#8217;n effeithiol ar gyfer locio allan o Forglawdd Bae Caerdydd.<\/p>\n<p>Mae&#8217;r amserlen, sydd ar sail cais drwy VHF 18, fel a ganlyn:<\/p>\n<p>Codi am bum munud heibio&#8217;r awr<br \/>\nCodi am 25 munud i&#8217;r awr<\/p>\n<p>Cynghorir morwyr i roi rhybudd da i Reoli Morglawdd o&#8217;u bwriad i lywio o dan y bont, fel y gellir cynllunio&#8217;r lifft yn ystod cyfnodau prysur o weithredu.<\/p>\n<p>Gofynnir hefyd i Forwyr gadw golwg ar VHF 18 bob amser, rhag ofn y bydd angen eu hysbysu am unrhyw newid i&#8217;r amserlen.<\/p>\n<p>Yn ogystal, dylai morwyr fod yn wyliadwrus o draffig dwyffordd ar yr afon tra&#8217;n mynd heibio\u2019r bont ar ei hyd, a bod yn barod i dderbyn cyfarwyddyd gan staff Rheoli&#8217;r Morglawdd drwy VHF 18.<\/p>\n<p>Gellir cael y wybodaeth ddiweddaraf gan Reoli&#8217;r Morglawdd ar 029 2070 0234 neu ar Sianel VHF 18.[\/vc_column_text][\/vc_tta_section][\/vc_tta_accordion][\/vc_column][\/vc_row][vc_row css=&#8221;.vc_custom_1616754984554{margin-top: 30px !important;}&#8221;][vc_column][vc_column_text]<\/p>\n<h4>Pont Gainc Cogan<\/h4>\n<p>Mae pont ffordd Cainc Cogan nepell o Bont y Werin. Mae\u2019n bosib i gychod bychain hwylio ymhellach i fyny\u2019r llif, ond dylech fod yn wyliadwrus iawn o uchdwr eich cwch. Mae Pentref Morol Caerdydd tua 1.5 milltir i fyny\u2019r lli o aber yr afon, fymryn heibio Pont Heol Penarth.[\/vc_column_text][\/vc_column][\/vc_row][vc_row css=&#8221;.vc_custom_1616671713631{margin-bottom: 90px !important;}&#8221;][vc_column][vc_separator style=&#8221;shadow&#8221; css=&#8221;.vc_custom_1613145620233{margin-top: 60px !important;}&#8221;][vc_column_text]<\/p>\n<h2>Afon Taf<\/h2>\n<p>[\/vc_column_text][vc_column_text]Mae terfyn cyflymder o 7 not ar gyfer llongau cludo teithwyr trwyddedig Awdurdod yr Harbwr ar Afon Taf. Y terfyn cyflymder ar gyfer pob cwch arall sy&#8217;n defnyddio Afon Taf yw 5 not.<\/p>\n<p>Wrth lywio ar Afon Taf dylech fod yn ofalus wrth fynd dan bontydd. Gall llif yr afon fod yn gyflym iawn.[\/vc_column_text][vc_column_text css=&#8221;.vc_custom_1638267963468{margin-top: 60px !important;}&#8221;]<\/p>\n<h3>Pontydd<\/h3>\n<h4>Pont Ffordd Gyswllt Butetown<\/h4>\n<p>Wrth i chi deithio i fyny&#8217;r afon, mae pont ffordd Gyswllt Butetown wedi&#8217;i marcio&#8217;n glir ar y naill ochr a&#8217;r llall gan farcwyr chwith a de. Nid oes unrhyw fw\u00e2u eraill yn fordwyadwy.<\/p>\n<p>Byddwch yn ymwybodol o gan\u0175od a rhwyfwyr yn yr ardal hon. Gall \u00f4l eich llong effeithio\u2019n fawr ar gychod sgwlio ysgafn, felly byddwch yn ofalus. Mae\u2019n debygol y bydd traffig afon arall yn yr ardal hon hefyd.<\/p>\n<h4>Pont Stryd Wood<\/h4>\n<p>Mae dyfnder y d\u0175r y tu hwnt i bont Stryd Wood yn llai nag 1.5m mewn nifer o fannau, ac nid yw&#8217;n ddoeth llywio bad pleser y tu hwnt i&#8217;r bont hon.[\/vc_column_text][\/vc_column][\/vc_row]<\/p>\n<\/div>","protected":false},"excerpt":{"rendered":"[vc_row][vc_column][vc_column_text] Llywio Bae Caerdydd [\/vc_column_text][vc_column_text]Wrth i chi gyrraedd Bae Caerdydd, ar \u00f4l mynd drwy&#8217;r lociau, cewch eich hun mewn amgylchedd d\u0175r ffres nad yw&#8217;n llanwol&#8230;","protected":false},"author":2,"featured_media":13454,"parent":0,"menu_order":0,"comment_status":"closed","ping_status":"closed","template":"page_leftcol.php","meta":{"_acf_changed":false,"footnotes":""},"class_list":["post-13020","page","type-page","status-publish","has-post-thumbnail","hentry"],"acf":[],"yoast_head":"<!-- This site is optimized with the Yoast SEO plugin v27.6 - https:\/\/yoast.com\/product\/yoast-seo-wordpress\/ -->\n<title>Llywio Bae Caerdydd - Cardiff Harbour Authority<\/title>\n<meta name=\"robots\" content=\"index, follow, max-snippet:-1, max-image-preview:large, max-video-preview:-1\" \/>\n<link rel=\"canonical\" href=\"https:\/\/www.cardiffharbour.com\/cy\/llywio-bae-caerdydd\/\" \/>\n<meta property=\"og:locale\" content=\"cy_GB\" \/>\n<meta property=\"og:type\" content=\"article\" \/>\n<meta property=\"og:title\" content=\"Llywio Bae Caerdydd - Cardiff Harbour Authority\" \/>\n<meta property=\"og:description\" content=\"[vc_row][vc_column][vc_column_text] Llywio Bae Caerdydd [\/vc_column_text][vc_column_text]Wrth i chi gyrraedd Bae Caerdydd, ar \u00f4l mynd drwy&#8217;r lociau, cewch eich hun mewn amgylchedd d\u0175r ffres nad yw&#8217;n llanwol...\" \/>\n<meta property=\"og:url\" content=\"https:\/\/www.cardiffharbour.com\/cy\/llywio-bae-caerdydd\/\" \/>\n<meta property=\"og:site_name\" content=\"Cardiff Harbour Authority\" \/>\n<meta property=\"article:modified_time\" content=\"2026-04-27T15:30:19+00:00\" \/>\n<meta property=\"og:image\" content=\"https:\/\/www.cardiffharbour.com\/wp-content\/uploads\/Aerial74_bigger.jpg\" \/>\n\t<meta property=\"og:image:width\" content=\"1400\" \/>\n\t<meta property=\"og:image:height\" content=\"629\" \/>\n\t<meta property=\"og:image:type\" content=\"image\/jpeg\" \/>\n<meta name=\"twitter:card\" content=\"summary_large_image\" \/>\n<meta name=\"twitter:label1\" content=\"Est. reading time\" \/>\n\t<meta name=\"twitter:data1\" content=\"6 minutes\" \/>\n<script type=\"application\/ld+json\" class=\"yoast-schema-graph\">{\"@context\":\"https:\\\/\\\/schema.org\",\"@graph\":[{\"@type\":\"WebPage\",\"@id\":\"https:\\\/\\\/www.cardiffharbour.com\\\/cy\\\/llywio-bae-caerdydd\\\/\",\"url\":\"https:\\\/\\\/www.cardiffharbour.com\\\/cy\\\/llywio-bae-caerdydd\\\/\",\"name\":\"Llywio Bae Caerdydd - Cardiff Harbour Authority\",\"isPartOf\":{\"@id\":\"https:\\\/\\\/www.cardiffharbour.com\\\/#website\"},\"primaryImageOfPage\":{\"@id\":\"https:\\\/\\\/www.cardiffharbour.com\\\/cy\\\/llywio-bae-caerdydd\\\/#primaryimage\"},\"image\":{\"@id\":\"https:\\\/\\\/www.cardiffharbour.com\\\/cy\\\/llywio-bae-caerdydd\\\/#primaryimage\"},\"thumbnailUrl\":\"https:\\\/\\\/www.cardiffharbour.com\\\/wp-content\\\/uploads\\\/Aerial74_bigger.jpg\",\"datePublished\":\"2021-02-12T15:32:19+00:00\",\"dateModified\":\"2026-04-27T15:30:19+00:00\",\"breadcrumb\":{\"@id\":\"https:\\\/\\\/www.cardiffharbour.com\\\/cy\\\/llywio-bae-caerdydd\\\/#breadcrumb\"},\"inLanguage\":\"cy-GB\",\"potentialAction\":[{\"@type\":\"ReadAction\",\"target\":[\"https:\\\/\\\/www.cardiffharbour.com\\\/cy\\\/llywio-bae-caerdydd\\\/\"]}]},{\"@type\":\"ImageObject\",\"inLanguage\":\"cy-GB\",\"@id\":\"https:\\\/\\\/www.cardiffharbour.com\\\/cy\\\/llywio-bae-caerdydd\\\/#primaryimage\",\"url\":\"https:\\\/\\\/www.cardiffharbour.com\\\/wp-content\\\/uploads\\\/Aerial74_bigger.jpg\",\"contentUrl\":\"https:\\\/\\\/www.cardiffharbour.com\\\/wp-content\\\/uploads\\\/Aerial74_bigger.jpg\",\"width\":1400,\"height\":629},{\"@type\":\"BreadcrumbList\",\"@id\":\"https:\\\/\\\/www.cardiffharbour.com\\\/cy\\\/llywio-bae-caerdydd\\\/#breadcrumb\",\"itemListElement\":[{\"@type\":\"ListItem\",\"position\":1,\"name\":\"Home\",\"item\":\"https:\\\/\\\/www.cardiffharbour.com\\\/cy\\\/\"},{\"@type\":\"ListItem\",\"position\":2,\"name\":\"Llywio Bae Caerdydd\"}]},{\"@type\":\"WebSite\",\"@id\":\"https:\\\/\\\/www.cardiffharbour.com\\\/#website\",\"url\":\"https:\\\/\\\/www.cardiffharbour.com\\\/\",\"name\":\"Cardiff Harbour Authority\",\"description\":\"Cardiff Harbour Authority manages and maintains Cardiff bay and the barrage.\",\"potentialAction\":[{\"@type\":\"SearchAction\",\"target\":{\"@type\":\"EntryPoint\",\"urlTemplate\":\"https:\\\/\\\/www.cardiffharbour.com\\\/?s={search_term_string}\"},\"query-input\":{\"@type\":\"PropertyValueSpecification\",\"valueRequired\":true,\"valueName\":\"search_term_string\"}}],\"inLanguage\":\"cy-GB\"}]}<\/script>\n<!-- \/ Yoast SEO plugin. -->","yoast_head_json":{"title":"Llywio Bae Caerdydd - Cardiff Harbour Authority","robots":{"index":"index","follow":"follow","max-snippet":"max-snippet:-1","max-image-preview":"max-image-preview:large","max-video-preview":"max-video-preview:-1"},"canonical":"https:\/\/www.cardiffharbour.com\/cy\/llywio-bae-caerdydd\/","og_locale":"cy_GB","og_type":"article","og_title":"Llywio Bae Caerdydd - Cardiff Harbour Authority","og_description":"[vc_row][vc_column][vc_column_text] Llywio Bae Caerdydd [\/vc_column_text][vc_column_text]Wrth i chi gyrraedd Bae Caerdydd, ar \u00f4l mynd drwy&#8217;r lociau, cewch eich hun mewn amgylchedd d\u0175r ffres nad yw&#8217;n llanwol...","og_url":"https:\/\/www.cardiffharbour.com\/cy\/llywio-bae-caerdydd\/","og_site_name":"Cardiff Harbour Authority","article_modified_time":"2026-04-27T15:30:19+00:00","og_image":[{"width":1400,"height":629,"url":"https:\/\/www.cardiffharbour.com\/wp-content\/uploads\/Aerial74_bigger.jpg","type":"image\/jpeg"}],"twitter_card":"summary_large_image","twitter_misc":{"Est. reading time":"6 minutes"},"schema":{"@context":"https:\/\/schema.org","@graph":[{"@type":"WebPage","@id":"https:\/\/www.cardiffharbour.com\/cy\/llywio-bae-caerdydd\/","url":"https:\/\/www.cardiffharbour.com\/cy\/llywio-bae-caerdydd\/","name":"Llywio Bae Caerdydd - Cardiff Harbour Authority","isPartOf":{"@id":"https:\/\/www.cardiffharbour.com\/#website"},"primaryImageOfPage":{"@id":"https:\/\/www.cardiffharbour.com\/cy\/llywio-bae-caerdydd\/#primaryimage"},"image":{"@id":"https:\/\/www.cardiffharbour.com\/cy\/llywio-bae-caerdydd\/#primaryimage"},"thumbnailUrl":"https:\/\/www.cardiffharbour.com\/wp-content\/uploads\/Aerial74_bigger.jpg","datePublished":"2021-02-12T15:32:19+00:00","dateModified":"2026-04-27T15:30:19+00:00","breadcrumb":{"@id":"https:\/\/www.cardiffharbour.com\/cy\/llywio-bae-caerdydd\/#breadcrumb"},"inLanguage":"cy-GB","potentialAction":[{"@type":"ReadAction","target":["https:\/\/www.cardiffharbour.com\/cy\/llywio-bae-caerdydd\/"]}]},{"@type":"ImageObject","inLanguage":"cy-GB","@id":"https:\/\/www.cardiffharbour.com\/cy\/llywio-bae-caerdydd\/#primaryimage","url":"https:\/\/www.cardiffharbour.com\/wp-content\/uploads\/Aerial74_bigger.jpg","contentUrl":"https:\/\/www.cardiffharbour.com\/wp-content\/uploads\/Aerial74_bigger.jpg","width":1400,"height":629},{"@type":"BreadcrumbList","@id":"https:\/\/www.cardiffharbour.com\/cy\/llywio-bae-caerdydd\/#breadcrumb","itemListElement":[{"@type":"ListItem","position":1,"name":"Home","item":"https:\/\/www.cardiffharbour.com\/cy\/"},{"@type":"ListItem","position":2,"name":"Llywio Bae Caerdydd"}]},{"@type":"WebSite","@id":"https:\/\/www.cardiffharbour.com\/#website","url":"https:\/\/www.cardiffharbour.com\/","name":"Cardiff Harbour Authority","description":"Cardiff Harbour Authority manages and maintains Cardiff bay and the barrage.","potentialAction":[{"@type":"SearchAction","target":{"@type":"EntryPoint","urlTemplate":"https:\/\/www.cardiffharbour.com\/?s={search_term_string}"},"query-input":{"@type":"PropertyValueSpecification","valueRequired":true,"valueName":"search_term_string"}}],"inLanguage":"cy-GB"}]}},"_links":{"self":[{"href":"https:\/\/www.cardiffharbour.com\/cy\/wp-json\/wp\/v2\/pages\/13020","targetHints":{"allow":["GET"]}}],"collection":[{"href":"https:\/\/www.cardiffharbour.com\/cy\/wp-json\/wp\/v2\/pages"}],"about":[{"href":"https:\/\/www.cardiffharbour.com\/cy\/wp-json\/wp\/v2\/types\/page"}],"author":[{"embeddable":true,"href":"https:\/\/www.cardiffharbour.com\/cy\/wp-json\/wp\/v2\/users\/2"}],"replies":[{"embeddable":true,"href":"https:\/\/www.cardiffharbour.com\/cy\/wp-json\/wp\/v2\/comments?post=13020"}],"version-history":[{"count":10,"href":"https:\/\/www.cardiffharbour.com\/cy\/wp-json\/wp\/v2\/pages\/13020\/revisions"}],"predecessor-version":[{"id":22020,"href":"https:\/\/www.cardiffharbour.com\/cy\/wp-json\/wp\/v2\/pages\/13020\/revisions\/22020"}],"wp:featuredmedia":[{"embeddable":true,"href":"https:\/\/www.cardiffharbour.com\/cy\/wp-json\/wp\/v2\/media\/13454"}],"wp:attachment":[{"href":"https:\/\/www.cardiffharbour.com\/cy\/wp-json\/wp\/v2\/media?parent=13020"}],"curies":[{"name":"wp","href":"https:\/\/api.w.org\/{rel}","templated":true}]}}