{"id":1072,"date":"2021-03-23T12:45:33","date_gmt":"2021-03-23T12:45:33","guid":{"rendered":"http:\/\/www.harbour2.cardiffcouncilwebteam.co.uk\/cardiff-harbour-authority\/"},"modified":"2021-11-12T14:36:36","modified_gmt":"2021-11-12T14:36:36","slug":"awdurdod-harbwr-caerdydd","status":"publish","type":"page","link":"https:\/\/www.cardiffharbour.com\/cy\/awdurdod-harbwr-caerdydd\/","title":{"rendered":"Awdurdod Harbwr Caerdydd"},"content":{"rendered":"<div class=\"wpb-content-wrapper\"><p>[vc_row][vc_column][vc_column_text]<\/p>\n<h2>Awdurdod Harbwr Caerdydd<\/h2>\n<p>[\/vc_column_text][vc_column_text]Mae Awdurdod Harbwr Caerdydd (AHC) yn gyfrifol am weithredu a chynnal a chadw Morglawdd Bae Caerdydd yn ogystal \u00e2 rheoli llywio o fewn ffiniau\u2019r Harbwr. Mae hefyd yn cynnal ansawdd d\u0175r o fewn Bae d\u0175r croyw 200 hectar, ac yn rheoli pob agwedd ar yr amgylchedd yn y Bae, yn monitro d\u0175r llawr, ac yn gweithredu safleoedd a chyfleusterau hamdden.<\/p>\n<p>Ariennir AHC drwy grant a ddiogelir gan Lywodraeth Cymru a gytunir fesul pob tair blynedd.<\/p>\n<p>Mae\u2019r Awdurdod yn gwneud cyfraniad sylweddol at weledigaeth y Cyngor i Gaerdydd i gefnogi\u2019r Rhaglen Llywodraethu. Gwneir hyn drwy ddatblygu Bae Caerdydd fel lleoliad d\u0175r rhyngwladol eithriadol, gan gynnig amgylchedd lle gall ymwelwyr a phobl leol fwynhau ystod eang o weithgareddau, chwaraeon a hamddena.<\/p>\n<p>Mae gan AHC dri phrif nod:<\/p>\n<ol>\n<li>Cynnal a gwella amgylchedd rhagorol, cynaliadwy<\/li>\n<li>Cynnig cyfleusterau a gweithgareddau rhagorol i sicrhau bod gan Gaerdydd leoliad glannau d\u0175r o\u2019r radd flaenaf<\/li>\n<li>Gweithio mewn partneriaeth \u00e2 rhanddeiliaid i sicrhau hyder y cyhoedd a buddsoddwyr ym Mae Caerdydd<\/li>\n<\/ol>\n<p>[\/vc_column_text][\/vc_column][\/vc_row][vc_row css=&#8221;.vc_custom_1616772160227{margin-bottom: 60px !important;}&#8221;][vc_column][vc_column_text]<\/p>\n<h2>Y timau<\/h2>\n<p>[\/vc_column_text][vc_tta_accordion style=&#8221;flat&#8221; color=&#8221;peacoc&#8221; active_section=&#8221;0&#8243; no_fill=&#8221;true&#8221; collapsible_all=&#8221;true&#8221;][vc_tta_section title=&#8221;T\u00eem Rheoli\u2019r Morglawdd&#8221; tab_id=&#8221;1616503141507-2874b6fe-edba&#8221;][vc_column_text]Yn gyfrifol am oruchwylio gweithrediadau dydd i ddydd y Morglawdd, gan gynnwys y lociau, y pontydd, y llwybrau d\u0175r a\u2019r llwybr pysgod, mae\u2019r t\u00eem yn cynnwys gweithredwyr, rheolwyr y loc a pheirianwyr. Mae gweithwyr yn ystafell rheoli\u2019r Morglawdd drwy\u2019r dydd, bob dydd.[\/vc_column_text][\/vc_tta_section][vc_tta_section title=&#8221;T\u00eem yr Harbwrfeistr&#8221; tab_id=&#8221;1616503141521-355f7cca-33ef&#8221;][vc_column_text]Mae t\u00eem yr Harbwrfeistr yn gyfrifol am reoli\u2019r holl swyddogaethau sy\u2019n ymwneud \u00e2 dyletswyddau statudol y Bae Mewnol, yr Harbwr Allanol ac afonydd Taf ac El\u00e1i gan gynnwys cyflwyno Hysbysiadau i Forwyr. Mae\u2019r adran hon hefyd yn gweithio i sicrhau bod safonau glendid yn cael eu cynnal yn ardal y Bae drwy gasglu gwastraff a sbwriel.[\/vc_column_text][\/vc_tta_section][vc_tta_section title=&#8221;T\u00eem yr Amgylchedd&#8221; tab_id=&#8221;1616503221327-9fb5b883-106e&#8221;][vc_column_text]Yn gyfrifol am reoli\u2019r holl faterion sy\u2019n ymwneud ag amgylchedd Bae Caerdydd, mae\u2019r t\u00eem yn monitro ac yn cynnal safonau ansawdd d\u0175r, yn ogystal \u00e2 diogelu a gwella\u2019r amgylchedd naturiol ac adeiledig.[\/vc_column_text][\/vc_tta_section][vc_tta_section title=&#8221;T\u00eem Cyswllt Cymunedol&#8221; tab_id=&#8221;1616503253265-37327e91-a728&#8243;][vc_column_text]Gan gysylltu \u00e2 rhanddeiliaid a chwsmeriaid Awdurdod yr Harbwr, mae\u2019r t\u00eem hwn yn goruchwylio\u2019r gwaith o gyflwyno rhaglenni a digwyddiadau addysgol yn y Bae a\u2019r cyffiniau. Mae hefyd yn cynnal gweithgareddau marchnata a chyfathrebu, gan gynnwys hyrwyddo ar-lein drwy wefannau a\u2019r cyfryngau cymdeithasol, a dosbarthu deunyddiau fel taflenni, mapiau a byrddau gwybodaeth gyhoeddus.[\/vc_column_text][\/vc_tta_section][\/vc_tta_accordion][\/vc_column][\/vc_row]<\/p>\n<\/div>","protected":false},"excerpt":{"rendered":"[vc_row][vc_column][vc_column_text] Awdurdod Harbwr Caerdydd [\/vc_column_text][vc_column_text]Mae Awdurdod Harbwr Caerdydd (AHC) yn gyfrifol am weithredu a chynnal a chadw Morglawdd Bae Caerdydd yn ogystal \u00e2 rheoli llywio&#8230;","protected":false},"author":2,"featured_media":305,"parent":0,"menu_order":0,"comment_status":"closed","ping_status":"closed","template":"page_leftcol.php","meta":{"_acf_changed":false,"footnotes":""},"class_list":["post-1072","page","type-page","status-publish","has-post-thumbnail","hentry"],"acf":[],"yoast_head":"<!-- This site is optimized with the Yoast SEO plugin v27.3 - https:\/\/yoast.com\/product\/yoast-seo-wordpress\/ -->\n<title>Awdurdod Harbwr Caerdydd - Cardiff Harbour Authority<\/title>\n<meta name=\"robots\" content=\"index, follow, max-snippet:-1, max-image-preview:large, max-video-preview:-1\" \/>\n<link rel=\"canonical\" href=\"https:\/\/www.cardiffharbour.com\/cardiff-harbour-authority\/\" \/>\n<meta property=\"og:locale\" content=\"cy_GB\" \/>\n<meta property=\"og:type\" content=\"article\" \/>\n<meta property=\"og:title\" content=\"Awdurdod Harbwr Caerdydd - Cardiff Harbour Authority\" \/>\n<meta property=\"og:description\" content=\"[vc_row][vc_column][vc_column_text] Awdurdod Harbwr Caerdydd [\/vc_column_text][vc_column_text]Mae Awdurdod Harbwr Caerdydd (AHC) yn gyfrifol am weithredu a chynnal a chadw Morglawdd Bae Caerdydd yn ogystal \u00e2 rheoli llywio...\" \/>\n<meta property=\"og:url\" content=\"https:\/\/www.cardiffharbour.com\/cardiff-harbour-authority\/\" \/>\n<meta property=\"og:site_name\" content=\"Cardiff Harbour Authority\" \/>\n<meta property=\"article:modified_time\" content=\"2021-11-12T14:36:36+00:00\" \/>\n<meta property=\"og:image\" content=\"https:\/\/www.cardiffharbour.com\/wp-content\/uploads\/Aerial74_bigger.jpg\" \/>\n\t<meta property=\"og:image:width\" content=\"1400\" \/>\n\t<meta property=\"og:image:height\" content=\"629\" \/>\n\t<meta property=\"og:image:type\" content=\"image\/jpeg\" \/>\n<meta name=\"twitter:card\" content=\"summary_large_image\" \/>\n<meta name=\"twitter:label1\" content=\"Est. reading time\" \/>\n\t<meta name=\"twitter:data1\" content=\"2 minutes\" \/>\n<script type=\"application\/ld+json\" class=\"yoast-schema-graph\">{\"@context\":\"https:\\\/\\\/schema.org\",\"@graph\":[{\"@type\":\"WebPage\",\"@id\":\"https:\\\/\\\/www.cardiffharbour.com\\\/cardiff-harbour-authority\\\/\",\"url\":\"https:\\\/\\\/www.cardiffharbour.com\\\/cardiff-harbour-authority\\\/\",\"name\":\"Awdurdod Harbwr Caerdydd - Cardiff Harbour Authority\",\"isPartOf\":{\"@id\":\"https:\\\/\\\/www.cardiffharbour.com\\\/#website\"},\"primaryImageOfPage\":{\"@id\":\"https:\\\/\\\/www.cardiffharbour.com\\\/cardiff-harbour-authority\\\/#primaryimage\"},\"image\":{\"@id\":\"https:\\\/\\\/www.cardiffharbour.com\\\/cardiff-harbour-authority\\\/#primaryimage\"},\"thumbnailUrl\":\"https:\\\/\\\/www.cardiffharbour.com\\\/wp-content\\\/uploads\\\/Aerial74_bigger.jpg\",\"datePublished\":\"2021-03-23T12:45:33+00:00\",\"dateModified\":\"2021-11-12T14:36:36+00:00\",\"breadcrumb\":{\"@id\":\"https:\\\/\\\/www.cardiffharbour.com\\\/cardiff-harbour-authority\\\/#breadcrumb\"},\"inLanguage\":\"cy-GB\",\"potentialAction\":[{\"@type\":\"ReadAction\",\"target\":[\"https:\\\/\\\/www.cardiffharbour.com\\\/cardiff-harbour-authority\\\/\"]}]},{\"@type\":\"ImageObject\",\"inLanguage\":\"cy-GB\",\"@id\":\"https:\\\/\\\/www.cardiffharbour.com\\\/cardiff-harbour-authority\\\/#primaryimage\",\"url\":\"https:\\\/\\\/www.cardiffharbour.com\\\/wp-content\\\/uploads\\\/Aerial74_bigger.jpg\",\"contentUrl\":\"https:\\\/\\\/www.cardiffharbour.com\\\/wp-content\\\/uploads\\\/Aerial74_bigger.jpg\",\"width\":1400,\"height\":629},{\"@type\":\"BreadcrumbList\",\"@id\":\"https:\\\/\\\/www.cardiffharbour.com\\\/cardiff-harbour-authority\\\/#breadcrumb\",\"itemListElement\":[{\"@type\":\"ListItem\",\"position\":1,\"name\":\"Home\",\"item\":\"https:\\\/\\\/www.cardiffharbour.com\\\/cy\\\/\"},{\"@type\":\"ListItem\",\"position\":2,\"name\":\"Awdurdod Harbwr Caerdydd\"}]},{\"@type\":\"WebSite\",\"@id\":\"https:\\\/\\\/www.cardiffharbour.com\\\/#website\",\"url\":\"https:\\\/\\\/www.cardiffharbour.com\\\/\",\"name\":\"Cardiff Harbour Authority\",\"description\":\"Cardiff Harbour Authority manages and maintains Cardiff bay and the barrage.\",\"potentialAction\":[{\"@type\":\"SearchAction\",\"target\":{\"@type\":\"EntryPoint\",\"urlTemplate\":\"https:\\\/\\\/www.cardiffharbour.com\\\/?s={search_term_string}\"},\"query-input\":{\"@type\":\"PropertyValueSpecification\",\"valueRequired\":true,\"valueName\":\"search_term_string\"}}],\"inLanguage\":\"cy-GB\"}]}<\/script>\n<!-- \/ Yoast SEO plugin. -->","yoast_head_json":{"title":"Awdurdod Harbwr Caerdydd - Cardiff Harbour Authority","robots":{"index":"index","follow":"follow","max-snippet":"max-snippet:-1","max-image-preview":"max-image-preview:large","max-video-preview":"max-video-preview:-1"},"canonical":"https:\/\/www.cardiffharbour.com\/cardiff-harbour-authority\/","og_locale":"cy_GB","og_type":"article","og_title":"Awdurdod Harbwr Caerdydd - Cardiff Harbour Authority","og_description":"[vc_row][vc_column][vc_column_text] Awdurdod Harbwr Caerdydd [\/vc_column_text][vc_column_text]Mae Awdurdod Harbwr Caerdydd (AHC) yn gyfrifol am weithredu a chynnal a chadw Morglawdd Bae Caerdydd yn ogystal \u00e2 rheoli llywio...","og_url":"https:\/\/www.cardiffharbour.com\/cardiff-harbour-authority\/","og_site_name":"Cardiff Harbour Authority","article_modified_time":"2021-11-12T14:36:36+00:00","og_image":[{"width":1400,"height":629,"url":"https:\/\/www.cardiffharbour.com\/wp-content\/uploads\/Aerial74_bigger.jpg","type":"image\/jpeg"}],"twitter_card":"summary_large_image","twitter_misc":{"Est. reading time":"2 minutes"},"schema":{"@context":"https:\/\/schema.org","@graph":[{"@type":"WebPage","@id":"https:\/\/www.cardiffharbour.com\/cardiff-harbour-authority\/","url":"https:\/\/www.cardiffharbour.com\/cardiff-harbour-authority\/","name":"Awdurdod Harbwr Caerdydd - Cardiff Harbour Authority","isPartOf":{"@id":"https:\/\/www.cardiffharbour.com\/#website"},"primaryImageOfPage":{"@id":"https:\/\/www.cardiffharbour.com\/cardiff-harbour-authority\/#primaryimage"},"image":{"@id":"https:\/\/www.cardiffharbour.com\/cardiff-harbour-authority\/#primaryimage"},"thumbnailUrl":"https:\/\/www.cardiffharbour.com\/wp-content\/uploads\/Aerial74_bigger.jpg","datePublished":"2021-03-23T12:45:33+00:00","dateModified":"2021-11-12T14:36:36+00:00","breadcrumb":{"@id":"https:\/\/www.cardiffharbour.com\/cardiff-harbour-authority\/#breadcrumb"},"inLanguage":"cy-GB","potentialAction":[{"@type":"ReadAction","target":["https:\/\/www.cardiffharbour.com\/cardiff-harbour-authority\/"]}]},{"@type":"ImageObject","inLanguage":"cy-GB","@id":"https:\/\/www.cardiffharbour.com\/cardiff-harbour-authority\/#primaryimage","url":"https:\/\/www.cardiffharbour.com\/wp-content\/uploads\/Aerial74_bigger.jpg","contentUrl":"https:\/\/www.cardiffharbour.com\/wp-content\/uploads\/Aerial74_bigger.jpg","width":1400,"height":629},{"@type":"BreadcrumbList","@id":"https:\/\/www.cardiffharbour.com\/cardiff-harbour-authority\/#breadcrumb","itemListElement":[{"@type":"ListItem","position":1,"name":"Home","item":"https:\/\/www.cardiffharbour.com\/cy\/"},{"@type":"ListItem","position":2,"name":"Awdurdod Harbwr Caerdydd"}]},{"@type":"WebSite","@id":"https:\/\/www.cardiffharbour.com\/#website","url":"https:\/\/www.cardiffharbour.com\/","name":"Cardiff Harbour Authority","description":"Cardiff Harbour Authority manages and maintains Cardiff bay and the barrage.","potentialAction":[{"@type":"SearchAction","target":{"@type":"EntryPoint","urlTemplate":"https:\/\/www.cardiffharbour.com\/?s={search_term_string}"},"query-input":{"@type":"PropertyValueSpecification","valueRequired":true,"valueName":"search_term_string"}}],"inLanguage":"cy-GB"}]}},"_links":{"self":[{"href":"https:\/\/www.cardiffharbour.com\/cy\/wp-json\/wp\/v2\/pages\/1072","targetHints":{"allow":["GET"]}}],"collection":[{"href":"https:\/\/www.cardiffharbour.com\/cy\/wp-json\/wp\/v2\/pages"}],"about":[{"href":"https:\/\/www.cardiffharbour.com\/cy\/wp-json\/wp\/v2\/types\/page"}],"author":[{"embeddable":true,"href":"https:\/\/www.cardiffharbour.com\/cy\/wp-json\/wp\/v2\/users\/2"}],"replies":[{"embeddable":true,"href":"https:\/\/www.cardiffharbour.com\/cy\/wp-json\/wp\/v2\/comments?post=1072"}],"version-history":[{"count":3,"href":"https:\/\/www.cardiffharbour.com\/cy\/wp-json\/wp\/v2\/pages\/1072\/revisions"}],"predecessor-version":[{"id":1076,"href":"https:\/\/www.cardiffharbour.com\/cy\/wp-json\/wp\/v2\/pages\/1072\/revisions\/1076"}],"wp:featuredmedia":[{"embeddable":true,"href":"https:\/\/www.cardiffharbour.com\/cy\/wp-json\/wp\/v2\/media\/305"}],"wp:attachment":[{"href":"https:\/\/www.cardiffharbour.com\/cy\/wp-json\/wp\/v2\/media?parent=1072"}],"curies":[{"name":"wp","href":"https:\/\/api.w.org\/{rel}","templated":true}]}}