{"id":1042,"date":"2021-03-22T16:35:53","date_gmt":"2021-03-22T16:35:53","guid":{"rendered":"http:\/\/www.harbour2.cardiffcouncilwebteam.co.uk\/barrage-story\/"},"modified":"2021-11-12T12:42:39","modified_gmt":"2021-11-12T12:42:39","slug":"hanes-y-morglawdd","status":"publish","type":"page","link":"https:\/\/www.cardiffharbour.com\/cy\/hanes-y-morglawdd\/","title":{"rendered":"Hanes y morglawdd"},"content":{"rendered":"<div class=\"wpb-content-wrapper\"><p>[vc_row css=&#8221;.vc_custom_1613489134776{margin-bottom: 90px !important;}&#8221;][vc_column][vc_column_text]<\/p>\n<h2>Hanes y morglawdd<\/h2>\n<p>[\/vc_column_text][vc_column_text]Mae Morglawdd Bae Caerdydd 1.1 cilomedr o hyd ac mae\u2019n mynd o ddociau Caerdydd yn y gogledd i Benarth yn y de. Arweiniodd y project adeiladu peirianyddiaeth sifil hwn at gorlannu\u2019r Bae, sydd \u00e2 dros 13 cilomedr o f\u00f4r o\u2019i flaen.<\/p>\n<p>Dechreuodd y cynllun gwerth \u00a3220 miliwn ym mis Mai 1994 a chafodd ei gwblhau ym mis Tachwedd 1999 \u2013 dyma oedd y prif gatalydd ar gyfer gwaith adfywio gwerth \u00a32 biliwn ar hen ddociau Caerdydd a Phenarth.<\/p>\n<p>Mae lociau a phontydd, llifddorau a llwybr pysgod yn rhan o\u2019r Morglawdd. Mae yno hefyd ardal wedi ei thirlunio, man agored cyhoeddus, lle gall y cyhoedd fynd am dro neu bicnic wrth edrych ar yr olygfa hyfryd tua\u2019r m\u00f4r a\u2019r bae mewnol.[\/vc_column_text][vc_column_text]<\/p>\n<h2>Sut mae\u2019r Morglawdd yn gweithio?<\/h2>\n<p>[\/vc_column_text][vc_column_text]O gwmpas safle\u2019r Morglawdd, ceir byrddau gwybodaeth yn disgrifio\u2019r gwaith o ddydd i ddydd. Dyma fwy o fanylion ynghylch cydrannau unigol strwythur y Morglawdd:[\/vc_column_text][vc_tta_accordion style=&#8221;flat&#8221; shape=&#8221;square&#8221; color=&#8221;peacoc&#8221; active_section=&#8221;0&#8243; no_fill=&#8221;true&#8221; collapsible_all=&#8221;true&#8221;][vc_tta_section title=&#8221;Ystafell Reoli\u2019r Morglawdd&#8221; tab_id=&#8221;1616430988413-9b4895e9-249a&#8221;][vc_column_text]Dyma ganolbwynt y gweithrediadau, ac mae\u2019n cael ei staffio 24 awr y dydd, 365 diwrnod y flwyddyn gan d\u00eem o weithredwyr, rheolwyr lociau a pheirianwyr. Yr ystafell yw\u2019r prif bwynt cyswllt ar gyfer cychod sy\u2019n hwylio i mewn i ac allan o Fae Caerdydd.[\/vc_column_text][\/vc_tta_section][vc_tta_section title=&#8221;Lociau a phontydd&#8221; tab_id=&#8221;1616430988430-02af45e1-cd14&#8243;][vc_column_text]<\/p>\n<div id=\"ui-id-4\" class=\"wpb_accordion_content ui-accordion-content vc_clearfix ui-corner-bottom ui-helper-reset ui-widget-content ui-accordion-content-active\" role=\"tabpanel\" aria-labelledby=\"ui-id-3\" aria-hidden=\"false\">\n<div class=\"wpb_text_column wpb_content_element customtext_small\">\n<div class=\"wpb_wrapper\">\n<p>Mae tri loc ar y morglawdd, a phob un yn 40medr o hyd; mae dwy yn 8 medr o led ac un yn 10.5 medr o led. Maen nhw\u2019n caniat\u00e1u i gychod hwylio rhwng Aber Afon Hafren a Bae Caerdydd. Gall pob loc adael hyd at 10 llong o faint cyffredin drwyddo; mae croesi\u2019n cymryd rhwng 5 ac 20 munud, yn dibynnu ar y llanw.<\/p>\n<p>Mae gan bob loc bont wrthbwys sy\u2019n pwyso tua 88 tunnell. Gan fod ystod llanw\u2019r aber mor uchel, mae gatiau\u2019r loc yn mesur hyd at 16 metr o uchder i alluogi cychod i hwylio drwodd ar unrhyw gyfnod y llanw.<\/p>\n<p>Pan mae\u2019r lociau wedi cau, mae modd i gerddwyr, beicwyr a cherbydau basio dros strwythur y Morglawdd.<\/p>\n<\/div>\n<\/div>\n<\/div>\n<p>[\/vc_column_text][\/vc_tta_section][vc_tta_section title=&#8221;Llifddorau&#8221; tab_id=&#8221;1616431037246-0ce16a81-cb80&#8243;][vc_column_text]<\/p>\n<div id=\"ui-id-4\" class=\"wpb_accordion_content ui-accordion-content vc_clearfix ui-corner-bottom ui-helper-reset ui-widget-content ui-accordion-content-active\" role=\"tabpanel\" aria-labelledby=\"ui-id-3\" aria-hidden=\"false\">\n<div class=\"wpb_text_column wpb_content_element customtext_small\">\n<div class=\"wpb_wrapper\">\n<div id=\"ui-id-6\" class=\"wpb_accordion_content ui-accordion-content vc_clearfix ui-corner-bottom ui-helper-reset ui-widget-content ui-accordion-content-active\" role=\"tabpanel\" aria-labelledby=\"ui-id-5\" aria-hidden=\"false\">\n<div class=\"wpb_text_column wpb_content_element customtext_small\">\n<div class=\"wpb_wrapper\">\n<p>Mae pum llifddor yn rheoli lefel y d\u0175r yn y Bae. Defnyddir y llifddorau un ai i adael i lif o afonydd Taf ac El\u00e1i fynd i F\u00f4r Hafren neu i greu rhwystr i atal y llanw uchel rhag dod i mewn i\u2019r Bae. Gall dros chwarter miliwn litr o dd\u0175r yr eiliad lifo trwy bob d\u00f4r, sy\u2019n 7.5 medr o uchder a 9 medr o led.<\/p>\n<p>Mae\u2019r llifddorau\u2019n gweithio gan ddefnyddio gwybodaeth gan synwyryddion lefelau d\u0175r y Bae a\u2019r aber i bennu lleoliad y giatiau. Pan fo lefel d\u0175r yr aber yn uwch na\u2019r Bae, mae\u2019r llifddorau\u2019n cau i atal d\u0175r y m\u00f4r rhag llifo i mewn i\u2019r llyn d\u0175r croyw. Pan fo lefel d\u0175r yr aber yn is na lefel y Bae mae\u2019r llifddorau\u2019n agor i gynnal lefel y d\u0175r.<\/p>\n<\/div>\n<\/div>\n<\/div>\n<\/div>\n<\/div>\n<\/div>\n<p>[\/vc_column_text][\/vc_tta_section][vc_tta_section title=&#8221;Llwybr pysgod&#8221; tab_id=&#8221;1616431096437-81313e35-f2c2&#8243;][vc_column_text]<\/p>\n<div id=\"ui-id-4\" class=\"wpb_accordion_content ui-accordion-content vc_clearfix ui-corner-bottom ui-helper-reset ui-widget-content ui-accordion-content-active\" role=\"tabpanel\" aria-labelledby=\"ui-id-3\" aria-hidden=\"false\">\n<div class=\"wpb_text_column wpb_content_element customtext_small\">\n<div class=\"wpb_wrapper\">\n<div id=\"ui-id-6\" class=\"wpb_accordion_content ui-accordion-content vc_clearfix ui-corner-bottom ui-helper-reset ui-widget-content ui-accordion-content-active\" role=\"tabpanel\" aria-labelledby=\"ui-id-5\" aria-hidden=\"false\">\n<div class=\"wpb_text_column wpb_content_element customtext_small\">\n<div class=\"wpb_wrapper\">\n<p>Mae\u2019r Morglawdd hefyd yn cynnwys llwybr pysgod pwrpasol i alluogi eogiaid a brithyll m\u00f4r i ddychwelyd i afonydd Taf ac El\u00e1i. Dyma un o\u2019r llwybrau pysgod mwyaf blaengar yn Ewrop, mae\u2019n cynnwys camer\u00e2u tanddwr ac offer symud a sain sy\u2019n cofnodi taith y pysgod ac yn adnabod rhywogaethau gwahanol.<\/p>\n<p>Mae\u2019r eog a\u2019r brithyll m\u00f4r yn silio ym mhennau uchaf afonydd Taf ac El\u00e1i yn y gaeaf. Pan mae\u2019r pysgod ifainc yng nghyfnod eu gwyniad, maen nhw\u2019n teithio i lawr yr afon ac i\u2019r m\u00f4r. Wedi rhyw ddwy flynedd, mae\u2019r pysgod, sydd bellach yn rai mawr, yn dod yn \u00f4l i\u2019r afon y ganwyd nhw ynddi ac yn \u00f4l i\u2019r safle silio i gwblhau\u2019r cylch. Mae rhai eogiaid o Afon Taf wedi teithio cyn belled \u00e2\u2019r Cefnfor Iwerydd, a hyd yn oed i arfordir gorllewinol yr Ynys Las cyn dod yn \u00f4l i Fae Caerdydd.<\/p>\n<p>Mae d\u0175r croyw yn llifo i\u2019r llwybr pysgod o\u2019r Bae ac ar hyd system o byllau a choredau, sy\u2019n caniat\u00e1u i bysgod nofio ym mhob cyfnod llanw, o\u2019r aber i\u2019r Bae. Mae\u2019r pysgod y tu allan i\u2019r Bae yn adnabod y d\u0175r croyw sy\u2019n llifo o\u2019r afon sy\u2019n gartref iddyn nhw, ac maen nhw\u2019n dod i mewn ar hyd y llwybr pysgod.<\/p>\n<p>Mae Awdurdod Harbwr Caerdydd yn monitro\u2019r llwybr pysgod er mwyn sicrhau ei fod yn gweithio\u2019n effeithiol. Ewch i\u2019n hadran Amgylchedd am fwy o wybodaeth.<\/p>\n<\/div>\n<\/div>\n<\/div>\n<\/div>\n<\/div>\n<\/div>\n<p>[\/vc_column_text][\/vc_tta_section][vc_tta_section title=&#8221;Y Cwt Pinc&#8221; tab_id=&#8221;1616431119234-a2f1687e-ebf3&#8243;][vc_column_text]<\/p>\n<div id=\"ui-id-4\" class=\"wpb_accordion_content ui-accordion-content vc_clearfix ui-corner-bottom ui-helper-reset ui-widget-content ui-accordion-content-active\" role=\"tabpanel\" aria-labelledby=\"ui-id-3\" aria-hidden=\"false\">\n<div class=\"wpb_text_column wpb_content_element customtext_small\">\n<div class=\"wpb_wrapper\">\n<div id=\"ui-id-6\" class=\"wpb_accordion_content ui-accordion-content vc_clearfix ui-corner-bottom ui-helper-reset ui-widget-content ui-accordion-content-active\" role=\"tabpanel\" aria-labelledby=\"ui-id-5\" aria-hidden=\"false\">\n<div class=\"wpb_text_column wpb_content_element customtext_small\">\n<div class=\"wpb_wrapper\">Dyluniwyd yr adeilad uchel, amlwg hwn iddo gael ei ddefnyddio gan glybiau cychod hwylio lleol, a threfnwyr digwyddiadau eraill, a rheoli rasys yn yr afon.<\/div>\n<\/div>\n<\/div>\n<\/div>\n<\/div>\n<\/div>\n<p>[\/vc_column_text][\/vc_tta_section][\/vc_tta_accordion][\/vc_column][\/vc_row][vc_row][vc_column][\/vc_column][\/vc_row]<\/p>\n<\/div>","protected":false},"excerpt":{"rendered":"[vc_row css=&#8221;.vc_custom_1613489134776{margin-bottom: 90px !important;}&#8221;][vc_column][vc_column_text] Hanes y morglawdd [\/vc_column_text][vc_column_text]Mae Morglawdd Bae Caerdydd 1.1 cilomedr o hyd ac mae\u2019n mynd o ddociau Caerdydd yn y gogledd i&#8230;","protected":false},"author":2,"featured_media":506,"parent":0,"menu_order":0,"comment_status":"closed","ping_status":"closed","template":"page_leftcol.php","meta":{"_acf_changed":false,"footnotes":""},"class_list":["post-1042","page","type-page","status-publish","has-post-thumbnail","hentry"],"acf":[],"yoast_head":"<!-- This site is optimized with the Yoast SEO plugin v27.3 - https:\/\/yoast.com\/product\/yoast-seo-wordpress\/ -->\n<title>Hanes y morglawdd - Cardiff Harbour Authority<\/title>\n<meta name=\"robots\" content=\"index, follow, max-snippet:-1, max-image-preview:large, max-video-preview:-1\" \/>\n<link rel=\"canonical\" href=\"https:\/\/www.cardiffharbour.com\/barrage-story\/\" \/>\n<meta property=\"og:locale\" content=\"cy_GB\" \/>\n<meta property=\"og:type\" content=\"article\" \/>\n<meta property=\"og:title\" content=\"Hanes y morglawdd - Cardiff Harbour Authority\" \/>\n<meta property=\"og:description\" content=\"[vc_row css=&#8221;.vc_custom_1613489134776{margin-bottom: 90px !important;}&#8221;][vc_column][vc_column_text] Hanes y morglawdd [\/vc_column_text][vc_column_text]Mae Morglawdd Bae Caerdydd 1.1 cilomedr o hyd ac mae\u2019n mynd o ddociau Caerdydd yn y gogledd i...\" \/>\n<meta property=\"og:url\" content=\"https:\/\/www.cardiffharbour.com\/barrage-story\/\" \/>\n<meta property=\"og:site_name\" content=\"Cardiff Harbour Authority\" \/>\n<meta property=\"article:modified_time\" content=\"2021-11-12T12:42:39+00:00\" \/>\n<meta property=\"og:image\" content=\"https:\/\/www.cardiffharbour.com\/wp-content\/uploads\/barrage-story.jpg\" \/>\n\t<meta property=\"og:image:width\" content=\"1400\" \/>\n\t<meta property=\"og:image:height\" content=\"361\" \/>\n\t<meta property=\"og:image:type\" content=\"image\/jpeg\" \/>\n<meta name=\"twitter:card\" content=\"summary_large_image\" \/>\n<meta name=\"twitter:label1\" content=\"Est. reading time\" \/>\n\t<meta name=\"twitter:data1\" content=\"4 minutes\" \/>\n<script type=\"application\/ld+json\" class=\"yoast-schema-graph\">{\"@context\":\"https:\\\/\\\/schema.org\",\"@graph\":[{\"@type\":\"WebPage\",\"@id\":\"https:\\\/\\\/www.cardiffharbour.com\\\/barrage-story\\\/\",\"url\":\"https:\\\/\\\/www.cardiffharbour.com\\\/barrage-story\\\/\",\"name\":\"Hanes y morglawdd - Cardiff Harbour Authority\",\"isPartOf\":{\"@id\":\"https:\\\/\\\/www.cardiffharbour.com\\\/#website\"},\"primaryImageOfPage\":{\"@id\":\"https:\\\/\\\/www.cardiffharbour.com\\\/barrage-story\\\/#primaryimage\"},\"image\":{\"@id\":\"https:\\\/\\\/www.cardiffharbour.com\\\/barrage-story\\\/#primaryimage\"},\"thumbnailUrl\":\"https:\\\/\\\/www.cardiffharbour.com\\\/wp-content\\\/uploads\\\/barrage-story.jpg\",\"datePublished\":\"2021-03-22T16:35:53+00:00\",\"dateModified\":\"2021-11-12T12:42:39+00:00\",\"breadcrumb\":{\"@id\":\"https:\\\/\\\/www.cardiffharbour.com\\\/barrage-story\\\/#breadcrumb\"},\"inLanguage\":\"cy-GB\",\"potentialAction\":[{\"@type\":\"ReadAction\",\"target\":[\"https:\\\/\\\/www.cardiffharbour.com\\\/barrage-story\\\/\"]}]},{\"@type\":\"ImageObject\",\"inLanguage\":\"cy-GB\",\"@id\":\"https:\\\/\\\/www.cardiffharbour.com\\\/barrage-story\\\/#primaryimage\",\"url\":\"https:\\\/\\\/www.cardiffharbour.com\\\/wp-content\\\/uploads\\\/barrage-story.jpg\",\"contentUrl\":\"https:\\\/\\\/www.cardiffharbour.com\\\/wp-content\\\/uploads\\\/barrage-story.jpg\",\"width\":1400,\"height\":361},{\"@type\":\"BreadcrumbList\",\"@id\":\"https:\\\/\\\/www.cardiffharbour.com\\\/barrage-story\\\/#breadcrumb\",\"itemListElement\":[{\"@type\":\"ListItem\",\"position\":1,\"name\":\"Home\",\"item\":\"https:\\\/\\\/www.cardiffharbour.com\\\/cy\\\/\"},{\"@type\":\"ListItem\",\"position\":2,\"name\":\"Hanes y morglawdd\"}]},{\"@type\":\"WebSite\",\"@id\":\"https:\\\/\\\/www.cardiffharbour.com\\\/#website\",\"url\":\"https:\\\/\\\/www.cardiffharbour.com\\\/\",\"name\":\"Cardiff Harbour Authority\",\"description\":\"Cardiff Harbour Authority manages and maintains Cardiff bay and the barrage.\",\"potentialAction\":[{\"@type\":\"SearchAction\",\"target\":{\"@type\":\"EntryPoint\",\"urlTemplate\":\"https:\\\/\\\/www.cardiffharbour.com\\\/?s={search_term_string}\"},\"query-input\":{\"@type\":\"PropertyValueSpecification\",\"valueRequired\":true,\"valueName\":\"search_term_string\"}}],\"inLanguage\":\"cy-GB\"}]}<\/script>\n<!-- \/ Yoast SEO plugin. -->","yoast_head_json":{"title":"Hanes y morglawdd - Cardiff Harbour Authority","robots":{"index":"index","follow":"follow","max-snippet":"max-snippet:-1","max-image-preview":"max-image-preview:large","max-video-preview":"max-video-preview:-1"},"canonical":"https:\/\/www.cardiffharbour.com\/barrage-story\/","og_locale":"cy_GB","og_type":"article","og_title":"Hanes y morglawdd - Cardiff Harbour Authority","og_description":"[vc_row css=&#8221;.vc_custom_1613489134776{margin-bottom: 90px !important;}&#8221;][vc_column][vc_column_text] Hanes y morglawdd [\/vc_column_text][vc_column_text]Mae Morglawdd Bae Caerdydd 1.1 cilomedr o hyd ac mae\u2019n mynd o ddociau Caerdydd yn y gogledd i...","og_url":"https:\/\/www.cardiffharbour.com\/barrage-story\/","og_site_name":"Cardiff Harbour Authority","article_modified_time":"2021-11-12T12:42:39+00:00","og_image":[{"width":1400,"height":361,"url":"https:\/\/www.cardiffharbour.com\/wp-content\/uploads\/barrage-story.jpg","type":"image\/jpeg"}],"twitter_card":"summary_large_image","twitter_misc":{"Est. reading time":"4 minutes"},"schema":{"@context":"https:\/\/schema.org","@graph":[{"@type":"WebPage","@id":"https:\/\/www.cardiffharbour.com\/barrage-story\/","url":"https:\/\/www.cardiffharbour.com\/barrage-story\/","name":"Hanes y morglawdd - Cardiff Harbour Authority","isPartOf":{"@id":"https:\/\/www.cardiffharbour.com\/#website"},"primaryImageOfPage":{"@id":"https:\/\/www.cardiffharbour.com\/barrage-story\/#primaryimage"},"image":{"@id":"https:\/\/www.cardiffharbour.com\/barrage-story\/#primaryimage"},"thumbnailUrl":"https:\/\/www.cardiffharbour.com\/wp-content\/uploads\/barrage-story.jpg","datePublished":"2021-03-22T16:35:53+00:00","dateModified":"2021-11-12T12:42:39+00:00","breadcrumb":{"@id":"https:\/\/www.cardiffharbour.com\/barrage-story\/#breadcrumb"},"inLanguage":"cy-GB","potentialAction":[{"@type":"ReadAction","target":["https:\/\/www.cardiffharbour.com\/barrage-story\/"]}]},{"@type":"ImageObject","inLanguage":"cy-GB","@id":"https:\/\/www.cardiffharbour.com\/barrage-story\/#primaryimage","url":"https:\/\/www.cardiffharbour.com\/wp-content\/uploads\/barrage-story.jpg","contentUrl":"https:\/\/www.cardiffharbour.com\/wp-content\/uploads\/barrage-story.jpg","width":1400,"height":361},{"@type":"BreadcrumbList","@id":"https:\/\/www.cardiffharbour.com\/barrage-story\/#breadcrumb","itemListElement":[{"@type":"ListItem","position":1,"name":"Home","item":"https:\/\/www.cardiffharbour.com\/cy\/"},{"@type":"ListItem","position":2,"name":"Hanes y morglawdd"}]},{"@type":"WebSite","@id":"https:\/\/www.cardiffharbour.com\/#website","url":"https:\/\/www.cardiffharbour.com\/","name":"Cardiff Harbour Authority","description":"Cardiff Harbour Authority manages and maintains Cardiff bay and the barrage.","potentialAction":[{"@type":"SearchAction","target":{"@type":"EntryPoint","urlTemplate":"https:\/\/www.cardiffharbour.com\/?s={search_term_string}"},"query-input":{"@type":"PropertyValueSpecification","valueRequired":true,"valueName":"search_term_string"}}],"inLanguage":"cy-GB"}]}},"_links":{"self":[{"href":"https:\/\/www.cardiffharbour.com\/cy\/wp-json\/wp\/v2\/pages\/1042","targetHints":{"allow":["GET"]}}],"collection":[{"href":"https:\/\/www.cardiffharbour.com\/cy\/wp-json\/wp\/v2\/pages"}],"about":[{"href":"https:\/\/www.cardiffharbour.com\/cy\/wp-json\/wp\/v2\/types\/page"}],"author":[{"embeddable":true,"href":"https:\/\/www.cardiffharbour.com\/cy\/wp-json\/wp\/v2\/users\/2"}],"replies":[{"embeddable":true,"href":"https:\/\/www.cardiffharbour.com\/cy\/wp-json\/wp\/v2\/comments?post=1042"}],"version-history":[{"count":2,"href":"https:\/\/www.cardiffharbour.com\/cy\/wp-json\/wp\/v2\/pages\/1042\/revisions"}],"predecessor-version":[{"id":1044,"href":"https:\/\/www.cardiffharbour.com\/cy\/wp-json\/wp\/v2\/pages\/1042\/revisions\/1044"}],"wp:featuredmedia":[{"embeddable":true,"href":"https:\/\/www.cardiffharbour.com\/cy\/wp-json\/wp\/v2\/media\/506"}],"wp:attachment":[{"href":"https:\/\/www.cardiffharbour.com\/cy\/wp-json\/wp\/v2\/media?parent=1042"}],"curies":[{"name":"wp","href":"https:\/\/api.w.org\/{rel}","templated":true}]}}