{"id":1020,"date":"2021-02-15T15:53:05","date_gmt":"2021-02-15T15:53:05","guid":{"rendered":"http:\/\/www.harbour2.cardiffcouncilwebteam.co.uk\/waste\/"},"modified":"2021-11-12T12:17:23","modified_gmt":"2021-11-12T12:17:23","slug":"gwastraff","status":"publish","type":"page","link":"https:\/\/www.cardiffharbour.com\/cy\/gwastraff\/","title":{"rendered":"Gwastraff"},"content":{"rendered":"<div class=\"wpb-content-wrapper\"><p>[vc_row css=&#8221;.vc_custom_1613404534297{margin-bottom: 90px !important;}&#8221;][vc_column][vc_column_text]<\/p>\n<h2>Cael gwared ar wastraff<\/h2>\n<p>[\/vc_column_text][vc_column_text]Gallwch helpu i sicrhau bod amgylchedd y Bae\u2019n l\u00e2n drwy ddefnyddio\u2019r biniau gwastraff sydd ar gael neu fynd \u00e2\u2019ch sbwriel gyda chi. Os ydych yn defnyddio cwch yn y Bae, dylai eich Clwb Hwylio neu Farina gynnig cyfleuster i chi ar gyfer cael gwared ar wastraff cwch, gan gynnwys olew a batris.[\/vc_column_text][vc_column_text]<\/p>\n<h2>Cynllun Rheoli Gwastraff Porthladd<\/h2>\n<p>[\/vc_column_text][vc_column_text]Mae Awdurdod Harbwr Caerdydd, yn unol \u00e2 gofynion Rheoliadau Llongau Masnach a Chychod Pysgota (Cyfleusterau Derbyn Gwastraff Porthladd) 2003 a\u2019r diwygiadau, wedi creu Cynllun Rheoli Gwastraff Porthladd.<\/p>\n<p>Nod y cynllun yw sicrhau bod cyfleusterau digonol a phriodol ar gael yn rhwydd, er mwyn derbyn deunyddiau gwastraff o gychod sy\u2019n defnyddio\u2019r porthladd, ac i gael gwared ar unrhyw wastraff mewn modd cywir ac amserol.<\/p>\n<p>Mae Awdurdod Harbwr Caerdydd yn cydnabod bod angen rheoli a thrin gwastraff o bob math o gychod er mwyn sicrhau amgylchedd glanach ym Mae Caerdydd ac yn y m\u00f4r.<\/p>\n<p>Cwblhawyd y cynllun wedi ymgynghori \u00e2\u2019r boblogaeth hwylio leol, sefydliadau sy\u2019n cynnig cyfleusterau ar y lan ar gyfer y morwyr, ac Asiantaeth y M\u00f4r a Gwylwyr y Glannau.[\/vc_column_text][vc_column_text]<\/p>\n<h2>Ffurflen hysbysu gwastraff llong<\/h2>\n<p>[\/vc_column_text][vc_column_text]Mae\u2019n rhaid i unrhyw long fawr sy\u2019n ymweld, ac eithrio cychod pysgota, sy\u2019n dal mwy na 12 teithiwr, roi hysbysiad gwastraff i Awdurdod yr Harbwr yn unol \u00e2\u2019r ffurflen gwaredu gwastraff llong. Mae\u2019n rhaid cwblhau\u2019r ffurflen hon a\u2019i chyflwyno i\u2019r Harbwrfeistr o leiaf 24 awr cyn i chi gyrraedd.<\/p>\n<p>Lawrlwytho <a href=\"http:\/\/www.harbour2.cardiffcouncilwebteam.co.uk\/wp-content\/uploads\/Disposal-of-Ships-Waste-Form.pdf\" target=\"_blank\" rel=\"noopener\">ffurflen hysbysu gwastraff llong (93KB PDF)<\/a>[\/vc_column_text][vc_column_text]<\/p>\n<h2>Pwmp \u2018sbydu<\/h2>\n<p>[\/vc_column_text][vc_column_text]Peidiwch \u00e2 defnyddio\u2019r pwmp \u2018sbydu na gwagio tanciau dal gwastraff yn y Bae. Mae cyfleuster \u2018sbydu d\u0175r a phwmp gwastraff t\u0177 bach ar gael gan Awdurdod yr Harbwr ger arhosfan y bws d\u0175r, gyferbyn \u00e2 mynedfa Marina Penarth.[\/vc_column_text][\/vc_column][\/vc_row]<\/p>\n<\/div>","protected":false},"excerpt":{"rendered":"[vc_row css=&#8221;.vc_custom_1613404534297{margin-bottom: 90px !important;}&#8221;][vc_column][vc_column_text] Cael gwared ar wastraff [\/vc_column_text][vc_column_text]Gallwch helpu i sicrhau bod amgylchedd y Bae\u2019n l\u00e2n drwy ddefnyddio\u2019r biniau gwastraff sydd ar gael neu&#8230;","protected":false},"author":2,"featured_media":254,"parent":0,"menu_order":0,"comment_status":"closed","ping_status":"closed","template":"page_leftcol.php","meta":{"_acf_changed":false,"footnotes":""},"class_list":["post-1020","page","type-page","status-publish","has-post-thumbnail","hentry"],"acf":[],"yoast_head":"<!-- This site is optimized with the Yoast SEO plugin v27.4 - https:\/\/yoast.com\/product\/yoast-seo-wordpress\/ -->\n<title>Gwastraff - Cardiff Harbour Authority<\/title>\n<meta name=\"robots\" content=\"index, follow, max-snippet:-1, max-image-preview:large, max-video-preview:-1\" \/>\n<link rel=\"canonical\" href=\"https:\/\/www.cardiffharbour.com\/waste\/\" \/>\n<meta property=\"og:locale\" content=\"cy_GB\" \/>\n<meta property=\"og:type\" content=\"article\" \/>\n<meta property=\"og:title\" content=\"Gwastraff - Cardiff Harbour Authority\" \/>\n<meta property=\"og:description\" content=\"[vc_row css=&#8221;.vc_custom_1613404534297{margin-bottom: 90px !important;}&#8221;][vc_column][vc_column_text] Cael gwared ar wastraff [\/vc_column_text][vc_column_text]Gallwch helpu i sicrhau bod amgylchedd y Bae\u2019n l\u00e2n drwy ddefnyddio\u2019r biniau gwastraff sydd ar gael neu...\" \/>\n<meta property=\"og:url\" content=\"https:\/\/www.cardiffharbour.com\/waste\/\" \/>\n<meta property=\"og:site_name\" content=\"Cardiff Harbour Authority\" \/>\n<meta property=\"article:modified_time\" content=\"2021-11-12T12:17:23+00:00\" \/>\n<meta property=\"og:image\" content=\"https:\/\/www.cardiffharbour.com\/wp-content\/uploads\/rsz_2l0a5466.jpg\" \/>\n\t<meta property=\"og:image:width\" content=\"1200\" \/>\n\t<meta property=\"og:image:height\" content=\"800\" \/>\n\t<meta property=\"og:image:type\" content=\"image\/jpeg\" \/>\n<meta name=\"twitter:card\" content=\"summary_large_image\" \/>\n<meta name=\"twitter:label1\" content=\"Est. reading time\" \/>\n\t<meta name=\"twitter:data1\" content=\"2 minutes\" \/>\n<script type=\"application\/ld+json\" class=\"yoast-schema-graph\">{\"@context\":\"https:\\\/\\\/schema.org\",\"@graph\":[{\"@type\":\"WebPage\",\"@id\":\"https:\\\/\\\/www.cardiffharbour.com\\\/waste\\\/\",\"url\":\"https:\\\/\\\/www.cardiffharbour.com\\\/waste\\\/\",\"name\":\"Gwastraff - Cardiff Harbour Authority\",\"isPartOf\":{\"@id\":\"https:\\\/\\\/www.cardiffharbour.com\\\/#website\"},\"primaryImageOfPage\":{\"@id\":\"https:\\\/\\\/www.cardiffharbour.com\\\/waste\\\/#primaryimage\"},\"image\":{\"@id\":\"https:\\\/\\\/www.cardiffharbour.com\\\/waste\\\/#primaryimage\"},\"thumbnailUrl\":\"https:\\\/\\\/www.cardiffharbour.com\\\/wp-content\\\/uploads\\\/rsz_2l0a5466.jpg\",\"datePublished\":\"2021-02-15T15:53:05+00:00\",\"dateModified\":\"2021-11-12T12:17:23+00:00\",\"breadcrumb\":{\"@id\":\"https:\\\/\\\/www.cardiffharbour.com\\\/waste\\\/#breadcrumb\"},\"inLanguage\":\"cy-GB\",\"potentialAction\":[{\"@type\":\"ReadAction\",\"target\":[\"https:\\\/\\\/www.cardiffharbour.com\\\/waste\\\/\"]}]},{\"@type\":\"ImageObject\",\"inLanguage\":\"cy-GB\",\"@id\":\"https:\\\/\\\/www.cardiffharbour.com\\\/waste\\\/#primaryimage\",\"url\":\"https:\\\/\\\/www.cardiffharbour.com\\\/wp-content\\\/uploads\\\/rsz_2l0a5466.jpg\",\"contentUrl\":\"https:\\\/\\\/www.cardiffharbour.com\\\/wp-content\\\/uploads\\\/rsz_2l0a5466.jpg\",\"width\":1200,\"height\":800},{\"@type\":\"BreadcrumbList\",\"@id\":\"https:\\\/\\\/www.cardiffharbour.com\\\/waste\\\/#breadcrumb\",\"itemListElement\":[{\"@type\":\"ListItem\",\"position\":1,\"name\":\"Home\",\"item\":\"https:\\\/\\\/www.cardiffharbour.com\\\/cy\\\/\"},{\"@type\":\"ListItem\",\"position\":2,\"name\":\"Gwastraff\"}]},{\"@type\":\"WebSite\",\"@id\":\"https:\\\/\\\/www.cardiffharbour.com\\\/#website\",\"url\":\"https:\\\/\\\/www.cardiffharbour.com\\\/\",\"name\":\"Cardiff Harbour Authority\",\"description\":\"Cardiff Harbour Authority manages and maintains Cardiff bay and the barrage.\",\"potentialAction\":[{\"@type\":\"SearchAction\",\"target\":{\"@type\":\"EntryPoint\",\"urlTemplate\":\"https:\\\/\\\/www.cardiffharbour.com\\\/?s={search_term_string}\"},\"query-input\":{\"@type\":\"PropertyValueSpecification\",\"valueRequired\":true,\"valueName\":\"search_term_string\"}}],\"inLanguage\":\"cy-GB\"}]}<\/script>\n<!-- \/ Yoast SEO plugin. -->","yoast_head_json":{"title":"Gwastraff - Cardiff Harbour Authority","robots":{"index":"index","follow":"follow","max-snippet":"max-snippet:-1","max-image-preview":"max-image-preview:large","max-video-preview":"max-video-preview:-1"},"canonical":"https:\/\/www.cardiffharbour.com\/waste\/","og_locale":"cy_GB","og_type":"article","og_title":"Gwastraff - Cardiff Harbour Authority","og_description":"[vc_row css=&#8221;.vc_custom_1613404534297{margin-bottom: 90px !important;}&#8221;][vc_column][vc_column_text] Cael gwared ar wastraff [\/vc_column_text][vc_column_text]Gallwch helpu i sicrhau bod amgylchedd y Bae\u2019n l\u00e2n drwy ddefnyddio\u2019r biniau gwastraff sydd ar gael neu...","og_url":"https:\/\/www.cardiffharbour.com\/waste\/","og_site_name":"Cardiff Harbour Authority","article_modified_time":"2021-11-12T12:17:23+00:00","og_image":[{"width":1200,"height":800,"url":"https:\/\/www.cardiffharbour.com\/wp-content\/uploads\/rsz_2l0a5466.jpg","type":"image\/jpeg"}],"twitter_card":"summary_large_image","twitter_misc":{"Est. reading time":"2 minutes"},"schema":{"@context":"https:\/\/schema.org","@graph":[{"@type":"WebPage","@id":"https:\/\/www.cardiffharbour.com\/waste\/","url":"https:\/\/www.cardiffharbour.com\/waste\/","name":"Gwastraff - Cardiff Harbour Authority","isPartOf":{"@id":"https:\/\/www.cardiffharbour.com\/#website"},"primaryImageOfPage":{"@id":"https:\/\/www.cardiffharbour.com\/waste\/#primaryimage"},"image":{"@id":"https:\/\/www.cardiffharbour.com\/waste\/#primaryimage"},"thumbnailUrl":"https:\/\/www.cardiffharbour.com\/wp-content\/uploads\/rsz_2l0a5466.jpg","datePublished":"2021-02-15T15:53:05+00:00","dateModified":"2021-11-12T12:17:23+00:00","breadcrumb":{"@id":"https:\/\/www.cardiffharbour.com\/waste\/#breadcrumb"},"inLanguage":"cy-GB","potentialAction":[{"@type":"ReadAction","target":["https:\/\/www.cardiffharbour.com\/waste\/"]}]},{"@type":"ImageObject","inLanguage":"cy-GB","@id":"https:\/\/www.cardiffharbour.com\/waste\/#primaryimage","url":"https:\/\/www.cardiffharbour.com\/wp-content\/uploads\/rsz_2l0a5466.jpg","contentUrl":"https:\/\/www.cardiffharbour.com\/wp-content\/uploads\/rsz_2l0a5466.jpg","width":1200,"height":800},{"@type":"BreadcrumbList","@id":"https:\/\/www.cardiffharbour.com\/waste\/#breadcrumb","itemListElement":[{"@type":"ListItem","position":1,"name":"Home","item":"https:\/\/www.cardiffharbour.com\/cy\/"},{"@type":"ListItem","position":2,"name":"Gwastraff"}]},{"@type":"WebSite","@id":"https:\/\/www.cardiffharbour.com\/#website","url":"https:\/\/www.cardiffharbour.com\/","name":"Cardiff Harbour Authority","description":"Cardiff Harbour Authority manages and maintains Cardiff bay and the barrage.","potentialAction":[{"@type":"SearchAction","target":{"@type":"EntryPoint","urlTemplate":"https:\/\/www.cardiffharbour.com\/?s={search_term_string}"},"query-input":{"@type":"PropertyValueSpecification","valueRequired":true,"valueName":"search_term_string"}}],"inLanguage":"cy-GB"}]}},"_links":{"self":[{"href":"https:\/\/www.cardiffharbour.com\/cy\/wp-json\/wp\/v2\/pages\/1020","targetHints":{"allow":["GET"]}}],"collection":[{"href":"https:\/\/www.cardiffharbour.com\/cy\/wp-json\/wp\/v2\/pages"}],"about":[{"href":"https:\/\/www.cardiffharbour.com\/cy\/wp-json\/wp\/v2\/types\/page"}],"author":[{"embeddable":true,"href":"https:\/\/www.cardiffharbour.com\/cy\/wp-json\/wp\/v2\/users\/2"}],"replies":[{"embeddable":true,"href":"https:\/\/www.cardiffharbour.com\/cy\/wp-json\/wp\/v2\/comments?post=1020"}],"version-history":[{"count":2,"href":"https:\/\/www.cardiffharbour.com\/cy\/wp-json\/wp\/v2\/pages\/1020\/revisions"}],"predecessor-version":[{"id":1022,"href":"https:\/\/www.cardiffharbour.com\/cy\/wp-json\/wp\/v2\/pages\/1020\/revisions\/1022"}],"wp:featuredmedia":[{"embeddable":true,"href":"https:\/\/www.cardiffharbour.com\/cy\/wp-json\/wp\/v2\/media\/254"}],"wp:attachment":[{"href":"https:\/\/www.cardiffharbour.com\/cy\/wp-json\/wp\/v2\/media?parent=1020"}],"curies":[{"name":"wp","href":"https:\/\/api.w.org\/{rel}","templated":true}]}}