{"id":1016,"date":"2021-02-15T15:49:53","date_gmt":"2021-02-15T15:49:53","guid":{"rendered":"http:\/\/www.harbour2.cardiffcouncilwebteam.co.uk\/chandlery-and-marine-supplies\/"},"modified":"2021-12-09T15:46:25","modified_gmt":"2021-12-09T15:46:25","slug":"chandlery-and-marine-supplies","status":"publish","type":"page","link":"https:\/\/www.cardiffharbour.com\/cy\/chandlery-and-marine-supplies\/","title":{"rendered":"Siop longwyr ac offer m\u00f4r"},"content":{"rendered":"<div class=\"wpb-content-wrapper\"><p>[vc_row][vc_column][vc_column_text]<\/p>\n<h2>Siop longwyr ac offer m\u00f4r<\/h2>\n<p>[\/vc_column_text][vc_column_text]<div class=\"archive_holder\" id=\"attractions_wall\" data-show=\"yes\" data-trails=\"chandlery\"><\/div>[\/vc_column_text][\/vc_column][\/vc_row][vc_row][vc_column][vc_column_text]<strong>Force 4<\/strong><\/p>\n<p>Siop longwyr ym Mhentref M\u00f4r Caerdydd yw Force 4; mae\u2019n gwerthu g\u00ear m\u00f4r ac offer campau d\u0175r.<\/p>\n<p>029 2078 7190<\/p>\n<p>[\/vc_column_text][\/vc_column][\/vc_row][vc_row][vc_column][vc_column_text]<strong>Gwasanaethau Team Marine<\/strong><\/p>\n<p>Wedi&#8217;i leoli ym Marina Penarth, mae <a href=\"http:\/\/www.teammarine.co.uk\/\">Team Marine<\/a> yn gwerthu ac yn darparu gwasanaethau peirianneg ar gyfer Volvo Penta.<\/p>\n<p>029 2070 9983<\/p>\n<p>[\/vc_column_text][\/vc_column][\/vc_row][vc_row][vc_column][vc_column_text]<strong>Covers4all<\/strong><\/p>\n<p>Mae <a href=\"http:\/\/www.covers4all.co.uk\/\" target=\"_blank\" rel=\"noopener\">Covers4all<\/a> yn cynnig gorchuddion unigryw, hirhoedlog ar gyfer cychod, cychod chwythu cadarn, hwyliau a mwy; mae hefyd yn trwsio gorchuddion.<\/p>\n<p>07979 694557<\/p>\n<p>[\/vc_column_text][\/vc_column][\/vc_row]<\/p>\n<\/div>","protected":false},"excerpt":{"rendered":"[vc_row][vc_column][vc_column_text] Siop longwyr ac offer m\u00f4r [\/vc_column_text][vc_column_text][\/vc_column_text][\/vc_column][\/vc_row][vc_row][vc_column][vc_column_text]Force 4 Siop longwyr ym Mhentref M\u00f4r Caerdydd yw Force 4; mae\u2019n gwerthu g\u00ear m\u00f4r ac offer campau d\u0175r&#8230;.","protected":false},"author":2,"featured_media":305,"parent":0,"menu_order":0,"comment_status":"closed","ping_status":"closed","template":"page_leftcol.php","meta":{"_acf_changed":false,"footnotes":""},"class_list":["post-1016","page","type-page","status-publish","has-post-thumbnail","hentry"],"acf":[],"yoast_head":"<!-- This site is optimized with the Yoast SEO plugin v27.3 - https:\/\/yoast.com\/product\/yoast-seo-wordpress\/ -->\n<title>Siop longwyr ac offer m\u00f4r - Cardiff Harbour Authority<\/title>\n<meta name=\"robots\" content=\"index, follow, max-snippet:-1, max-image-preview:large, max-video-preview:-1\" \/>\n<link rel=\"canonical\" href=\"https:\/\/www.cardiffharbour.com\/chandlery-and-marine-supplies\/\" \/>\n<meta property=\"og:locale\" content=\"cy_GB\" \/>\n<meta property=\"og:type\" content=\"article\" \/>\n<meta property=\"og:title\" content=\"Siop longwyr ac offer m\u00f4r - Cardiff Harbour Authority\" \/>\n<meta property=\"og:description\" content=\"[vc_row][vc_column][vc_column_text] Siop longwyr ac offer m\u00f4r [\/vc_column_text][vc_column_text][\/vc_column_text][\/vc_column][\/vc_row][vc_row][vc_column][vc_column_text]Force 4 Siop longwyr ym Mhentref M\u00f4r Caerdydd yw Force 4; mae\u2019n gwerthu g\u00ear m\u00f4r ac offer campau d\u0175r....\" \/>\n<meta property=\"og:url\" content=\"https:\/\/www.cardiffharbour.com\/chandlery-and-marine-supplies\/\" \/>\n<meta property=\"og:site_name\" content=\"Cardiff Harbour Authority\" \/>\n<meta property=\"article:modified_time\" content=\"2021-12-09T15:46:25+00:00\" \/>\n<meta property=\"og:image\" content=\"https:\/\/www.cardiffharbour.com\/wp-content\/uploads\/Aerial74_bigger.jpg\" \/>\n\t<meta property=\"og:image:width\" content=\"1400\" \/>\n\t<meta property=\"og:image:height\" content=\"629\" \/>\n\t<meta property=\"og:image:type\" content=\"image\/jpeg\" \/>\n<meta name=\"twitter:card\" content=\"summary_large_image\" \/>\n<meta name=\"twitter:label1\" content=\"Est. reading time\" \/>\n\t<meta name=\"twitter:data1\" content=\"1 minute\" \/>\n<script type=\"application\/ld+json\" class=\"yoast-schema-graph\">{\"@context\":\"https:\\\/\\\/schema.org\",\"@graph\":[{\"@type\":\"WebPage\",\"@id\":\"https:\\\/\\\/www.cardiffharbour.com\\\/chandlery-and-marine-supplies\\\/\",\"url\":\"https:\\\/\\\/www.cardiffharbour.com\\\/chandlery-and-marine-supplies\\\/\",\"name\":\"Siop longwyr ac offer m\u00f4r - Cardiff Harbour Authority\",\"isPartOf\":{\"@id\":\"https:\\\/\\\/www.cardiffharbour.com\\\/#website\"},\"primaryImageOfPage\":{\"@id\":\"https:\\\/\\\/www.cardiffharbour.com\\\/chandlery-and-marine-supplies\\\/#primaryimage\"},\"image\":{\"@id\":\"https:\\\/\\\/www.cardiffharbour.com\\\/chandlery-and-marine-supplies\\\/#primaryimage\"},\"thumbnailUrl\":\"https:\\\/\\\/www.cardiffharbour.com\\\/wp-content\\\/uploads\\\/Aerial74_bigger.jpg\",\"datePublished\":\"2021-02-15T15:49:53+00:00\",\"dateModified\":\"2021-12-09T15:46:25+00:00\",\"breadcrumb\":{\"@id\":\"https:\\\/\\\/www.cardiffharbour.com\\\/chandlery-and-marine-supplies\\\/#breadcrumb\"},\"inLanguage\":\"cy-GB\",\"potentialAction\":[{\"@type\":\"ReadAction\",\"target\":[\"https:\\\/\\\/www.cardiffharbour.com\\\/chandlery-and-marine-supplies\\\/\"]}]},{\"@type\":\"ImageObject\",\"inLanguage\":\"cy-GB\",\"@id\":\"https:\\\/\\\/www.cardiffharbour.com\\\/chandlery-and-marine-supplies\\\/#primaryimage\",\"url\":\"https:\\\/\\\/www.cardiffharbour.com\\\/wp-content\\\/uploads\\\/Aerial74_bigger.jpg\",\"contentUrl\":\"https:\\\/\\\/www.cardiffharbour.com\\\/wp-content\\\/uploads\\\/Aerial74_bigger.jpg\",\"width\":1400,\"height\":629},{\"@type\":\"BreadcrumbList\",\"@id\":\"https:\\\/\\\/www.cardiffharbour.com\\\/chandlery-and-marine-supplies\\\/#breadcrumb\",\"itemListElement\":[{\"@type\":\"ListItem\",\"position\":1,\"name\":\"Home\",\"item\":\"https:\\\/\\\/www.cardiffharbour.com\\\/cy\\\/\"},{\"@type\":\"ListItem\",\"position\":2,\"name\":\"Siop longwyr ac offer m\u00f4r\"}]},{\"@type\":\"WebSite\",\"@id\":\"https:\\\/\\\/www.cardiffharbour.com\\\/#website\",\"url\":\"https:\\\/\\\/www.cardiffharbour.com\\\/\",\"name\":\"Cardiff Harbour Authority\",\"description\":\"Cardiff Harbour Authority manages and maintains Cardiff bay and the barrage.\",\"potentialAction\":[{\"@type\":\"SearchAction\",\"target\":{\"@type\":\"EntryPoint\",\"urlTemplate\":\"https:\\\/\\\/www.cardiffharbour.com\\\/?s={search_term_string}\"},\"query-input\":{\"@type\":\"PropertyValueSpecification\",\"valueRequired\":true,\"valueName\":\"search_term_string\"}}],\"inLanguage\":\"cy-GB\"}]}<\/script>\n<!-- \/ Yoast SEO plugin. -->","yoast_head_json":{"title":"Siop longwyr ac offer m\u00f4r - Cardiff Harbour Authority","robots":{"index":"index","follow":"follow","max-snippet":"max-snippet:-1","max-image-preview":"max-image-preview:large","max-video-preview":"max-video-preview:-1"},"canonical":"https:\/\/www.cardiffharbour.com\/chandlery-and-marine-supplies\/","og_locale":"cy_GB","og_type":"article","og_title":"Siop longwyr ac offer m\u00f4r - Cardiff Harbour Authority","og_description":"[vc_row][vc_column][vc_column_text] Siop longwyr ac offer m\u00f4r [\/vc_column_text][vc_column_text][\/vc_column_text][\/vc_column][\/vc_row][vc_row][vc_column][vc_column_text]Force 4 Siop longwyr ym Mhentref M\u00f4r Caerdydd yw Force 4; mae\u2019n gwerthu g\u00ear m\u00f4r ac offer campau d\u0175r....","og_url":"https:\/\/www.cardiffharbour.com\/chandlery-and-marine-supplies\/","og_site_name":"Cardiff Harbour Authority","article_modified_time":"2021-12-09T15:46:25+00:00","og_image":[{"width":1400,"height":629,"url":"https:\/\/www.cardiffharbour.com\/wp-content\/uploads\/Aerial74_bigger.jpg","type":"image\/jpeg"}],"twitter_card":"summary_large_image","twitter_misc":{"Est. reading time":"1 minute"},"schema":{"@context":"https:\/\/schema.org","@graph":[{"@type":"WebPage","@id":"https:\/\/www.cardiffharbour.com\/chandlery-and-marine-supplies\/","url":"https:\/\/www.cardiffharbour.com\/chandlery-and-marine-supplies\/","name":"Siop longwyr ac offer m\u00f4r - Cardiff Harbour Authority","isPartOf":{"@id":"https:\/\/www.cardiffharbour.com\/#website"},"primaryImageOfPage":{"@id":"https:\/\/www.cardiffharbour.com\/chandlery-and-marine-supplies\/#primaryimage"},"image":{"@id":"https:\/\/www.cardiffharbour.com\/chandlery-and-marine-supplies\/#primaryimage"},"thumbnailUrl":"https:\/\/www.cardiffharbour.com\/wp-content\/uploads\/Aerial74_bigger.jpg","datePublished":"2021-02-15T15:49:53+00:00","dateModified":"2021-12-09T15:46:25+00:00","breadcrumb":{"@id":"https:\/\/www.cardiffharbour.com\/chandlery-and-marine-supplies\/#breadcrumb"},"inLanguage":"cy-GB","potentialAction":[{"@type":"ReadAction","target":["https:\/\/www.cardiffharbour.com\/chandlery-and-marine-supplies\/"]}]},{"@type":"ImageObject","inLanguage":"cy-GB","@id":"https:\/\/www.cardiffharbour.com\/chandlery-and-marine-supplies\/#primaryimage","url":"https:\/\/www.cardiffharbour.com\/wp-content\/uploads\/Aerial74_bigger.jpg","contentUrl":"https:\/\/www.cardiffharbour.com\/wp-content\/uploads\/Aerial74_bigger.jpg","width":1400,"height":629},{"@type":"BreadcrumbList","@id":"https:\/\/www.cardiffharbour.com\/chandlery-and-marine-supplies\/#breadcrumb","itemListElement":[{"@type":"ListItem","position":1,"name":"Home","item":"https:\/\/www.cardiffharbour.com\/cy\/"},{"@type":"ListItem","position":2,"name":"Siop longwyr ac offer m\u00f4r"}]},{"@type":"WebSite","@id":"https:\/\/www.cardiffharbour.com\/#website","url":"https:\/\/www.cardiffharbour.com\/","name":"Cardiff Harbour Authority","description":"Cardiff Harbour Authority manages and maintains Cardiff bay and the barrage.","potentialAction":[{"@type":"SearchAction","target":{"@type":"EntryPoint","urlTemplate":"https:\/\/www.cardiffharbour.com\/?s={search_term_string}"},"query-input":{"@type":"PropertyValueSpecification","valueRequired":true,"valueName":"search_term_string"}}],"inLanguage":"cy-GB"}]}},"_links":{"self":[{"href":"https:\/\/www.cardiffharbour.com\/cy\/wp-json\/wp\/v2\/pages\/1016","targetHints":{"allow":["GET"]}}],"collection":[{"href":"https:\/\/www.cardiffharbour.com\/cy\/wp-json\/wp\/v2\/pages"}],"about":[{"href":"https:\/\/www.cardiffharbour.com\/cy\/wp-json\/wp\/v2\/types\/page"}],"author":[{"embeddable":true,"href":"https:\/\/www.cardiffharbour.com\/cy\/wp-json\/wp\/v2\/users\/2"}],"replies":[{"embeddable":true,"href":"https:\/\/www.cardiffharbour.com\/cy\/wp-json\/wp\/v2\/comments?post=1016"}],"version-history":[{"count":3,"href":"https:\/\/www.cardiffharbour.com\/cy\/wp-json\/wp\/v2\/pages\/1016\/revisions"}],"predecessor-version":[{"id":13247,"href":"https:\/\/www.cardiffharbour.com\/cy\/wp-json\/wp\/v2\/pages\/1016\/revisions\/13247"}],"wp:featuredmedia":[{"embeddable":true,"href":"https:\/\/www.cardiffharbour.com\/cy\/wp-json\/wp\/v2\/media\/305"}],"wp:attachment":[{"href":"https:\/\/www.cardiffharbour.com\/cy\/wp-json\/wp\/v2\/media?parent=1016"}],"curies":[{"name":"wp","href":"https:\/\/api.w.org\/{rel}","templated":true}]}}